{"id":1470,"date":"2022-01-28T15:15:40","date_gmt":"2022-01-28T15:15:40","guid":{"rendered":"https:\/\/enjoysalou.com\/mentions-legales\/"},"modified":"2022-04-04T10:08:33","modified_gmt":"2022-04-04T10:08:33","slug":"mentions-legales","status":"publish","type":"page","link":"https:\/\/enjoysalou.com\/fr\/mentions-legales\/","title":{"rendered":"Mentions l\u00e9gales"},"content":{"rendered":"\n<blockquote class=\"wp-block-quote is-layout-flow wp-block-quote-is-layout-flow\"><p><strong>RECONNAISSANCE ET ACCEPTATION DES CONDITIONS D&rsquo;UTILISATION\u00a0:<\/strong><\/p><\/blockquote>\n\n<p>L&rsquo;acc\u00e8s \u00e0 ce site Web, son utilisation et l&rsquo;achat de l&rsquo;un des articles de <strong>enjoysalou.com<\/strong> suppose la lecture, la connaissance et l&rsquo;acceptation des pr\u00e9sentes Conditions G\u00e9n\u00e9rales, dans la version publi\u00e9e sur cette page, au moment o\u00f9 l&rsquo;utilisateur y acc\u00e8de.<\/p>\n\n<p>Ces <strong>Conditions G\u00e9n\u00e9rales d&rsquo;Utilisation<\/strong> pouvant \u00eatre modifi\u00e9es afin de les adapter \u00e0 la l\u00e9gislation en vigueur applicable \u00e0 tout moment, l&rsquo;Utilisateur doit donc lire attentivement la pr\u00e9sente notice l\u00e9gale \u00e0 chacune des occasions d&rsquo;utilisation du <strong>site enjoysalou.com<\/strong><\/p>\n\n<p>Si vous n&rsquo;\u00eates pas d&rsquo;accord avec eux, veuillez ne pas utiliser <strong>enjoysalou.com<\/strong><\/p>\n\n<blockquote class=\"wp-block-quote is-layout-flow wp-block-quote-is-layout-flow\"><p><strong>DESCRIPTION DU SERVICE<\/strong><\/p><\/blockquote>\n\n<p>Les services fournis par <strong>enjoysalou.com<\/strong> sont la vente de produits \u00e0 distance par Internet. Le Titulaire met \u00e0 la disposition de l&rsquo;Utilisateur le service web gratuit d&rsquo;information et de pr\u00e9sentation virtuelle des produits. Les prix des produits sont fix\u00e9s dans chaque article et sont visibles avant l&rsquo;acquisition du produit aupr\u00e8s de notre service.<\/p>\n\n<p>Les prix indiqu\u00e9s dans le service <strong>enjoysalou.com<\/strong> incluent 21% de TVA. Les prix indiqu\u00e9s sur la page sont les prix d\u00e9finitifs sauf erreur typographique. Les produits en promotion ou en promotion sont marqu\u00e9s comme tels dans une couleur diff\u00e9rente.<\/p>\n\n<p>Tous les prix sont exprim\u00e9s en Euros. <strong>enjoysalou.com se<\/strong> r\u00e9serve le droit de modifier le prix de tout produit sans pr\u00e9avis.<\/p>\n\n<p>Des informations g\u00e9n\u00e9rales et d&rsquo;aide sur l&rsquo;achat, les frais d&rsquo;exp\u00e9dition, les m\u00e9thodes de paiement et les retours peuvent \u00eatre consult\u00e9es au bas du site Web lui-m\u00eame.<\/p>\n\n<p><strong>enjoysalou.com<\/strong> peut, \u00e0 l&rsquo;avenir, fournir \u00e0 l&rsquo;Utilisateur de nouveaux contenus, services, produits ou installations suppl\u00e9mentaires, gratuits ou non, qui augmentent les fonctionnalit\u00e9s disponibles pour l&rsquo;Utilisateur.<\/p>\n\n<p>\u00c0 son tour, <strong>enjoysalou.com se<\/strong> r\u00e9serve le droit d&rsquo;annuler unilat\u00e9ralement tout contenu, service ou utilitaire int\u00e9gr\u00e9 au service <strong>enjoysalou.com<\/strong> .<\/p>\n\n<p>Si vous avez besoin d&rsquo;informations ou d&rsquo;aide concernant les produits, les commandes, les exp\u00e9ditions, les retours, ainsi que pour toute suggestion que vous souhaitez faire, vous pouvez nous contacter en \u00e9crivant \u00e0 l&rsquo;adresse e-mail :<\/p>\n\n<p><a href=\"mailto:info@enjoysalou.com\"><strong>info@enjoysalou.com<\/strong><\/a><\/p>\n\n<blockquote class=\"wp-block-quote is-layout-flow wp-block-quote-is-layout-flow\"><p><strong>GARANTIE DU PRODUIT<\/strong><\/p><\/blockquote>\n\n<p>Les clients <strong>enjoysalou.com<\/strong> b\u00e9n\u00e9ficient de la garantie accord\u00e9e par les diff\u00e9rents fabricants de chacun des articles.<\/p>\n\n<p>Les d\u00e9fauts ou dommages dus \u00e0 une mauvaise utilisation ou manipulation du mat\u00e9riel ou \u00e0 l&rsquo;usure caus\u00e9e par l&rsquo;utilisation normale de celui-ci ne sont pas inclus dans cette garantie. Les diminutions de la fonctionnalit\u00e9 des articles, en raison de leurs limites de conception, sont \u00e9galement exclues de la couverture de cette garantie.<\/p>\n\n<blockquote class=\"wp-block-quote is-layout-flow wp-block-quote-is-layout-flow\"><p><strong>DROITS DE PROPRI\u00c9T\u00c9 INTELLECTUELLE DU WEB<\/strong><\/p><\/blockquote>\n\n<p>L&rsquo;utilisateur reconna\u00eet et admet que tous les droits de propri\u00e9t\u00e9 intellectuelle du contenu de cette page Web, sa conception graphique, ses textes, ses images et ses codes sources, sont la propri\u00e9t\u00e9 exclusive de <strong>enjoysalou.com<\/strong> , correspondant \u00e0 nous l&rsquo;exercice exclusif de l&rsquo;exploitation droits d&rsquo;eux-m\u00eames.<\/p>\n\n<p>Sa reproduction, distribution, communication publique et transformation, en tout ou en partie, sans l&rsquo;autorisation expresse de <strong>enjoysalou.com<\/strong> est interdite.<\/p>\n\n<p>De m\u00eame, tous les noms commerciaux, images, marques ou signes diff\u00e9rents de toute nature contenus sur ce site sont prot\u00e9g\u00e9s par la loi.<\/p>\n\n<blockquote class=\"wp-block-quote is-layout-flow wp-block-quote-is-layout-flow\"><p><strong>LIENS EXTERNES<\/strong><\/p><\/blockquote>\n\n<p>L&rsquo;\u00e9tablissement du lien n&rsquo;implique pas n\u00e9cessairement l&rsquo;existence de relations entre <strong>enjoysalou.com<\/strong> et le propri\u00e9taire de la page Web dans laquelle il est \u00e9tabli, ainsi que l&rsquo;acceptation et l&rsquo;approbation par <strong>enjoysalou.com<\/strong> de son Contenu ou de ses Services. <strong>enjoysalou.com<\/strong> ne peut en aucun cas \u00eatre tenu responsable du contenu de ces sites ou des mesures qu&rsquo;ils adoptent en mati\u00e8re de confidentialit\u00e9 ou de traitement des donn\u00e9es personnelles de l&rsquo;Utilisateur.<\/p>\n\n<blockquote class=\"wp-block-quote is-layout-flow wp-block-quote-is-layout-flow\"><p><strong>POLITIQUE DE CONFIDENTIALIT\u00c9<\/strong><\/p><\/blockquote>\n\n<p>L&rsquo;Utilisateur d\u00e9clare accepter pleinement la protection des donn\u00e9es du service <strong>enjoysalou.com<\/strong> consultable sur le site <strong>enjoysalou.com<\/strong> lui-m\u00eame.<\/p>\n\n<blockquote class=\"wp-block-quote is-layout-flow wp-block-quote-is-layout-flow\"><p><strong>UTILISATION DE NOS PRODUITS<\/strong><\/p><\/blockquote>\n\n<p><strong>enjoysalou.com<\/strong> n&rsquo;est pas responsable de la mauvaise utilisation des produits achet\u00e9s via notre site Web, \u00e9tant la seule responsabilit\u00e9 de la personne qui les acquiert.<\/p>\n\n<blockquote class=\"wp-block-quote is-layout-flow wp-block-quote-is-layout-flow\"><p><strong>MODIFICATIONS DES CONDITIONS DE SERVICE<\/strong><\/p><\/blockquote>\n\n<p>L&rsquo;Utilisateur accepte que <strong>enjoysalou.com<\/strong> puisse, lorsqu&rsquo;il le jugera utile, apporter des corrections, am\u00e9liorations ou modifications aux Informations ou aux Services, sans que cela puisse donner lieu ou ouvrir droit \u00e0 une quelconque r\u00e9clamation ou indemnisation, ni impliquer la reconnaissance d&rsquo;une quelconque responsabilit\u00e9.<\/p>\n\n<p>L&rsquo;utilisation de <strong>enjoysalou.com<\/strong> par l&rsquo;Utilisateur constituera une ratification de ce document, avec les modifications et changements qui y ont \u00e9t\u00e9 introduits.<\/p>\n\n<p>Pour les m\u00eames raisons mentionn\u00e9es ci-dessus, <strong>enjoysalou.com se<\/strong> r\u00e9serve le droit de modifier ou d&rsquo;interrompre le Service <strong>enjoysalou.com<\/strong> en tout ou en partie, avec ou sans notification \u00e0 l&rsquo;Utilisateur.<\/p>\n\n<p><strong>enjoysalou.com<\/strong> ne sera pas responsable vis-\u00e0-vis de l&rsquo;Utilisateur ou de tiers pour avoir exerc\u00e9 leur droit de modifier ou d&rsquo;interrompre le Service <strong>enjoysalou.com<\/strong><\/p>\n\n<blockquote class=\"wp-block-quote is-layout-flow wp-block-quote-is-layout-flow\"><p><strong>AVERTISSEMENT<\/strong><\/p><\/blockquote>\n\n<p><strong>estenjoysalou.com<\/strong> n&rsquo;assume aucune responsabilit\u00e9 pouvant r\u00e9sulter de probl\u00e8mes techniques ou de d\u00e9faillances de l&rsquo;\u00e9quipement informatique de l&rsquo;Utilisateur, non imputables \u00e0 notre Soci\u00e9t\u00e9, survenant lors de la connexion au r\u00e9seau Internet, ainsi que des dommages pouvant \u00eatre caus\u00e9s par des tiers par des ing\u00e9rences ill\u00e9gitimes \u00e9chappant au contr\u00f4le de <strong>enjoysalou.com<\/strong><\/p>\n\n<blockquote class=\"wp-block-quote is-layout-flow wp-block-quote-is-layout-flow\"><p><strong>AUCUNE REVENTE OU UTILISATION COMMERCIALE DU SERVICE<\/strong><\/p><\/blockquote>\n\n<p>L&rsquo;utilisation du Service est strictement personnelle \u00e0 l&rsquo;Utilisateur. L&rsquo;Utilisateur s&rsquo;engage \u00e0 ne pas c\u00e9der ou faire tout type d&rsquo;utilisation commerciale du Service sans le consentement expr\u00e8s de <strong>enjoysalou.com<\/strong><\/p>\n\n<blockquote class=\"wp-block-quote is-layout-flow wp-block-quote-is-layout-flow\"><p><strong>UTILISATEURS<\/strong><\/p><\/blockquote>\n\n<p>L&rsquo;Utilisateur est seul responsable du contenu des transmissions via le Service. L&rsquo;utilisation du service par l&rsquo;utilisateur est soumise aux lois et r\u00e9glementations locales, provinciales, r\u00e9gionales, nationales et internationales.<\/p>\n\n<p>L&rsquo;Utilisateur accepte :<\/p>\n\n<p>(1) \u00e0 ne pas utiliser le Service \u00e0 des fins illicites, ni celles interdites dans ce document.<\/p>\n\n<p>(2) ne pas interf\u00e9rer avec ou perturber les syst\u00e8mes de r\u00e9seau connect\u00e9s au Service.<\/p>\n\n<p>(3) respecter toutes les r\u00e9glementations, dispositions et proc\u00e9dures des syst\u00e8mes de r\u00e9seau connect\u00e9s au Service.<\/p>\n\n<p>L&rsquo;Utilisateur s&rsquo;engage \u00e0 ne pas entraver l&rsquo;utilisation du Service <strong>enjoysalou.com<\/strong> d&rsquo;un autre Utilisateur ou l&rsquo;utilisation de services similaires par une autre entit\u00e9. <strong>enjoysalou.com<\/strong> peut, \u00e0 sa seule discr\u00e9tion, r\u00e9silier le service <strong>enjoysalou.com<\/strong> imm\u00e9diatement, si le comportement de l&rsquo;utilisateur n&rsquo;est pas conforme aux pr\u00e9sentes conditions g\u00e9n\u00e9rales.<\/p>\n\n<p>L&rsquo;Utilisateur s&rsquo;engage \u00e0 utiliser la page conform\u00e9ment \u00e0 la loi et \u00e0 la morale, et \u00e0 ne pas l&rsquo;utiliser pour des activit\u00e9s ill\u00e9gales ou criminelles, ou pour violer les droits de tiers. \u00c0 son tour, l&rsquo;utilisateur s&rsquo;engage \u00e0 entrer des donn\u00e9es vraies.<\/p>\n\n<p>Malgr\u00e9 cela, <strong>enjoysalou.com<\/strong> se r\u00e9serve le droit, \u00e0 sa discr\u00e9tion et dans tout type de circonstance, d&rsquo;annuler, d&rsquo;\u00e9liminer ou d&rsquo;interdire l&rsquo;utilisation de tout ou partie des services de la page \u00e0 l&rsquo;un de ses utilisateurs, en raison d&rsquo;une utilisation incorrecte ou inappropri\u00e9e de ceux-ci, comme indiqu\u00e9 dans pr\u00e9sentes conditions g\u00e9n\u00e9rales ou dans les conditions particuli\u00e8res de chaque prestation.<\/p>\n\n<p> L&rsquo;utilisateur garantit que les donn\u00e9es personnelles fournies \u00e0 <strong>enjoysalou.com<\/strong> sont v\u00e9ridiques et est responsable de la communication de toute modification de celles-ci.<\/p>\n\n<p>L&rsquo;Utilisateur sera seul responsable de tout dommage ou perte, direct ou indirect, qui pourrait \u00eatre caus\u00e9 \u00e0 <strong>enjoysalou.com<\/strong> ou \u00e0 tout tiers du fait de la saisie des formulaires avec des donn\u00e9es fausses, inexactes, incompl\u00e8tes ou p\u00e9rim\u00e9es.<\/p>\n\n<p>L&rsquo;utilisateur ne doit pas inclure de donn\u00e9es personnelles de tiers sans leur consentement pr\u00e9alable en connaissance de cause tel qu&rsquo;\u00e9tabli dans cette politique de confidentialit\u00e9, \u00e9tant seul responsable de leur inclusion.<\/p>\n\n<blockquote class=\"wp-block-quote is-layout-flow wp-block-quote-is-layout-flow\"><p><strong>COMPENSATION<\/strong><\/p><\/blockquote>\n\n<p>L&rsquo;Utilisateur s&rsquo;engage \u00e0 indemniser et \u00e0 d\u00e9gager de toute responsabilit\u00e9 <strong>enjoysalou.com<\/strong> et ses filiales de toute r\u00e9clamation ou demande, y compris les honoraires raisonnables d&rsquo;avocat, pr\u00e9sent\u00e9e par des tiers \u00e0 la suite de l&rsquo;utilisation du Service <strong>enjoysalou.com<\/strong> par l&rsquo;Utilisateur, ou pour la violation par l&rsquo;Utilisateur de ce qui est \u00e9tabli dans cet accord, ainsi que pour la violation par l&rsquo;Utilisateur ou un autre utilisateur du Service <strong>enjoysalou.com<\/strong> via l&rsquo;ordinateur de l&rsquo;Utilisateur, de la propri\u00e9t\u00e9 intellectuelle, industrielle ou de tout autre droit d&rsquo;une personne physique ou morale.<\/p>\n\n<blockquote class=\"wp-block-quote is-layout-flow wp-block-quote-is-layout-flow\"><p><strong>RUPTURE DE LA RELATION<\/strong><\/p><\/blockquote>\n\n<p>L&rsquo;Utilisateur et le Propri\u00e9taire peuvent r\u00e9silier le Service \u00e0 tout moment, sans pr\u00e9avis, avec ou sans justification, et cette d\u00e9cision prendra effet imm\u00e9diatement. Le Titulaire ne sera pas responsable envers l&rsquo;Utilisateur ou envers des tiers de la r\u00e9siliation du Service <strong>enjoysalou.com<\/strong><\/p>\n\n<p>En cas de d\u00e9saccord de l&rsquo;Utilisateur avec l&rsquo;un des termes et conditions de cet accord ou l&rsquo;une de ses modifications, ou en cas de non-satisfaction du Service <strong>enjoysalou.com<\/strong> , le seul recours imm\u00e9diat est\u00a0:<\/p>\n\n<p>(1) cesser d&rsquo;utiliser le service.<\/p>\n\n<p>(2) annuler votre abonnement au Service.<\/p>\n\n<p>(3) notifier <strong>enjoysalou.com<\/strong> de la r\u00e9siliation.<\/p>\n\n<p>Au moment de la r\u00e9siliation du Service, les droits de l&rsquo;Utilisateur d&rsquo;utiliser le Service <strong>enjoysalou.com<\/strong> et le logiciel cessent imm\u00e9diatement.<\/p>\n\n<blockquote class=\"wp-block-quote is-layout-flow wp-block-quote-is-layout-flow\"><p><strong>AVIS<\/strong><\/p><\/blockquote>\n\n<p>Toute notification entre les parties doit \u00eatre faite par \u00e9crit et envoy\u00e9e soit par courrier \u00e9lectronique, soit par voie postale.<\/p>\n\n<p>Le Titulaire peut transmettre des notifications ou des messages via le Service afin d&rsquo;informer l&rsquo;Utilisateur des changements introduits dans cet accord, le Service <strong>enjoysalou.com<\/strong> ou d&rsquo;autres questions importantes.<\/p>\n\n<p>Ces transmissions seront consid\u00e9r\u00e9es comme des notifications \u00e0 l&rsquo;Utilisateur. <strong><a href=\"mailto:info@enjoysalou.com\">info@enjoysalou.com<\/a><\/strong><\/p>\n\n<blockquote class=\"wp-block-quote is-layout-flow wp-block-quote-is-layout-flow\"><p><strong>LOI APPLICABLE ET JURIDICTION<\/strong><\/p><\/blockquote>\n\n<p>Cet accord sera r\u00e9gi par la loi espagnole, soumettant les parties pour toute question litigieuse d\u00e9coulant de cet accord aux Cours et Tribunaux de Salou (Espagne).<\/p>\n\n<p>Les utilisateurs de notre site Web sont conscients de tout ce qui pr\u00e9c\u00e8de et l&rsquo;acceptent volontairement.<\/p>\n\n<p>Si un tribunal comp\u00e9tent consid\u00e8re qu&rsquo;une ou plusieurs dispositions du pr\u00e9sent accord sont contraires \u00e0 la loi, cette ou ces dispositions seront reformul\u00e9es de mani\u00e8re \u00e0 refl\u00e9ter le plus fid\u00e8lement possible les intentions des parties, tandis que les autres dispositions resteront en vigueur. et applicable. .<\/p>\n","protected":false},"excerpt":{"rendered":"<p>RECONNAISSANCE ET ACCEPTATION DES CONDITIONS D&rsquo;UTILISATION\u00a0: L&rsquo;acc\u00e8s \u00e0 ce site Web, son utilisation et l&rsquo;achat de l&rsquo;un des articles de<span class=\"more-dots\">&#8230;<\/span><\/p>\n","protected":false},"author":1,"featured_media":0,"parent":0,"menu_order":0,"comment_status":"closed","ping_status":"closed","template":"","meta":{"footnotes":""},"class_list":["post-1470","page","type-page","status-publish","hentry","no-post-thumbnail"],"yoast_head":"<!-- This site is optimized with the Yoast SEO plugin v25.0 - https:\/\/yoast.com\/wordpress\/plugins\/seo\/ -->\n<title>Mentions l\u00e9gales - Enjoy Salou, la discoteca en Salou m\u00e1s emblem\u00e1tica de la Costa Dorada<\/title>\n<meta name=\"robots\" content=\"index, follow, max-snippet:-1, max-image-preview:large, max-video-preview:-1\" \/>\n<link rel=\"canonical\" href=\"https:\/\/enjoysalou.com\/fr\/mentions-legales\/\" \/>\n<meta property=\"og:locale\" content=\"fr_FR\" \/>\n<meta property=\"og:type\" content=\"article\" \/>\n<meta property=\"og:title\" content=\"Mentions l\u00e9gales - Enjoy Salou, la discoteca en Salou m\u00e1s emblem\u00e1tica de la Costa Dorada\" \/>\n<meta property=\"og:description\" content=\"RECONNAISSANCE ET ACCEPTATION DES CONDITIONS D&rsquo;UTILISATION\u00a0: L&rsquo;acc\u00e8s \u00e0 ce site Web, son utilisation et l&rsquo;achat de l&rsquo;un des articles de...\" \/>\n<meta property=\"og:url\" content=\"https:\/\/enjoysalou.com\/fr\/mentions-legales\/\" \/>\n<meta property=\"og:site_name\" content=\"Enjoy Salou, la discoteca en Salou m\u00e1s emblem\u00e1tica de la Costa Dorada\" \/>\n<meta property=\"article:modified_time\" content=\"2022-04-04T10:08:33+00:00\" \/>\n<meta name=\"twitter:card\" content=\"summary_large_image\" \/>\n<meta name=\"twitter:label1\" content=\"Dur\u00e9e de lecture estim\u00e9e\" \/>\n\t<meta name=\"twitter:data1\" content=\"8 minutes\" \/>\n<script type=\"application\/ld+json\" class=\"yoast-schema-graph\">{\"@context\":\"https:\/\/schema.org\",\"@graph\":[{\"@type\":\"WebPage\",\"@id\":\"https:\/\/enjoysalou.com\/fr\/mentions-legales\/\",\"url\":\"https:\/\/enjoysalou.com\/fr\/mentions-legales\/\",\"name\":\"Mentions l\u00e9gales - Enjoy Salou, la discoteca en Salou m\u00e1s emblem\u00e1tica de la Costa Dorada\",\"isPartOf\":{\"@id\":\"https:\/\/enjoysalou.com\/#website\"},\"datePublished\":\"2022-01-28T15:15:40+00:00\",\"dateModified\":\"2022-04-04T10:08:33+00:00\",\"breadcrumb\":{\"@id\":\"https:\/\/enjoysalou.com\/fr\/mentions-legales\/#breadcrumb\"},\"inLanguage\":\"fr-FR\",\"potentialAction\":[{\"@type\":\"ReadAction\",\"target\":[\"https:\/\/enjoysalou.com\/fr\/mentions-legales\/\"]}]},{\"@type\":\"BreadcrumbList\",\"@id\":\"https:\/\/enjoysalou.com\/fr\/mentions-legales\/#breadcrumb\",\"itemListElement\":[{\"@type\":\"ListItem\",\"position\":1,\"name\":\"Home\",\"item\":\"https:\/\/enjoysalou.com\/fr\/\"},{\"@type\":\"ListItem\",\"position\":2,\"name\":\"Mentions l\u00e9gales\"}]},{\"@type\":\"WebSite\",\"@id\":\"https:\/\/enjoysalou.com\/#website\",\"url\":\"https:\/\/enjoysalou.com\/\",\"name\":\"Enjoy Salou, la discoteca en Salou m\u00e1s emblem\u00e1tica de la Costa Dorada\",\"description\":\"La Discoteca m\u00e1s emblem\u00e1tica de Salou y de la Costa Dorada, Enjoy Salou!\",\"publisher\":{\"@id\":\"https:\/\/enjoysalou.com\/#organization\"},\"potentialAction\":[{\"@type\":\"SearchAction\",\"target\":{\"@type\":\"EntryPoint\",\"urlTemplate\":\"https:\/\/enjoysalou.com\/?s={search_term_string}\"},\"query-input\":{\"@type\":\"PropertyValueSpecification\",\"valueRequired\":true,\"valueName\":\"search_term_string\"}}],\"inLanguage\":\"fr-FR\"},{\"@type\":\"Organization\",\"@id\":\"https:\/\/enjoysalou.com\/#organization\",\"name\":\"Enjoy Salou, la discoteca en Salou m\u00e1s emblem\u00e1tica de la Costa Dorada\",\"url\":\"https:\/\/enjoysalou.com\/\",\"logo\":{\"@type\":\"ImageObject\",\"inLanguage\":\"fr-FR\",\"@id\":\"https:\/\/enjoysalou.com\/#\/schema\/logo\/image\/\",\"url\":\"https:\/\/enjoysalou.com\/wp-content\/uploads\/2022\/02\/logotipo_EnjoySalou.png\",\"contentUrl\":\"https:\/\/enjoysalou.com\/wp-content\/uploads\/2022\/02\/logotipo_EnjoySalou.png\",\"width\":271,\"height\":59,\"caption\":\"Enjoy Salou, la discoteca en Salou m\u00e1s emblem\u00e1tica de la Costa Dorada\"},\"image\":{\"@id\":\"https:\/\/enjoysalou.com\/#\/schema\/logo\/image\/\"}}]}<\/script>\n<!-- \/ Yoast SEO plugin. -->","yoast_head_json":{"title":"Mentions l\u00e9gales - Enjoy Salou, la discoteca en Salou m\u00e1s emblem\u00e1tica de la Costa Dorada","robots":{"index":"index","follow":"follow","max-snippet":"max-snippet:-1","max-image-preview":"max-image-preview:large","max-video-preview":"max-video-preview:-1"},"canonical":"https:\/\/enjoysalou.com\/fr\/mentions-legales\/","og_locale":"fr_FR","og_type":"article","og_title":"Mentions l\u00e9gales - Enjoy Salou, la discoteca en Salou m\u00e1s emblem\u00e1tica de la Costa Dorada","og_description":"RECONNAISSANCE ET ACCEPTATION DES CONDITIONS D&rsquo;UTILISATION\u00a0: L&rsquo;acc\u00e8s \u00e0 ce site Web, son utilisation et l&rsquo;achat de l&rsquo;un des articles de...","og_url":"https:\/\/enjoysalou.com\/fr\/mentions-legales\/","og_site_name":"Enjoy Salou, la discoteca en Salou m\u00e1s emblem\u00e1tica de la Costa Dorada","article_modified_time":"2022-04-04T10:08:33+00:00","twitter_card":"summary_large_image","twitter_misc":{"Dur\u00e9e de lecture estim\u00e9e":"8 minutes"},"schema":{"@context":"https:\/\/schema.org","@graph":[{"@type":"WebPage","@id":"https:\/\/enjoysalou.com\/fr\/mentions-legales\/","url":"https:\/\/enjoysalou.com\/fr\/mentions-legales\/","name":"Mentions l\u00e9gales - Enjoy Salou, la discoteca en Salou m\u00e1s emblem\u00e1tica de la Costa Dorada","isPartOf":{"@id":"https:\/\/enjoysalou.com\/#website"},"datePublished":"2022-01-28T15:15:40+00:00","dateModified":"2022-04-04T10:08:33+00:00","breadcrumb":{"@id":"https:\/\/enjoysalou.com\/fr\/mentions-legales\/#breadcrumb"},"inLanguage":"fr-FR","potentialAction":[{"@type":"ReadAction","target":["https:\/\/enjoysalou.com\/fr\/mentions-legales\/"]}]},{"@type":"BreadcrumbList","@id":"https:\/\/enjoysalou.com\/fr\/mentions-legales\/#breadcrumb","itemListElement":[{"@type":"ListItem","position":1,"name":"Home","item":"https:\/\/enjoysalou.com\/fr\/"},{"@type":"ListItem","position":2,"name":"Mentions l\u00e9gales"}]},{"@type":"WebSite","@id":"https:\/\/enjoysalou.com\/#website","url":"https:\/\/enjoysalou.com\/","name":"Enjoy Salou, la discoteca en Salou m\u00e1s emblem\u00e1tica de la Costa Dorada","description":"La Discoteca m\u00e1s emblem\u00e1tica de Salou y de la Costa Dorada, Enjoy Salou!","publisher":{"@id":"https:\/\/enjoysalou.com\/#organization"},"potentialAction":[{"@type":"SearchAction","target":{"@type":"EntryPoint","urlTemplate":"https:\/\/enjoysalou.com\/?s={search_term_string}"},"query-input":{"@type":"PropertyValueSpecification","valueRequired":true,"valueName":"search_term_string"}}],"inLanguage":"fr-FR"},{"@type":"Organization","@id":"https:\/\/enjoysalou.com\/#organization","name":"Enjoy Salou, la discoteca en Salou m\u00e1s emblem\u00e1tica de la Costa Dorada","url":"https:\/\/enjoysalou.com\/","logo":{"@type":"ImageObject","inLanguage":"fr-FR","@id":"https:\/\/enjoysalou.com\/#\/schema\/logo\/image\/","url":"https:\/\/enjoysalou.com\/wp-content\/uploads\/2022\/02\/logotipo_EnjoySalou.png","contentUrl":"https:\/\/enjoysalou.com\/wp-content\/uploads\/2022\/02\/logotipo_EnjoySalou.png","width":271,"height":59,"caption":"Enjoy Salou, la discoteca en Salou m\u00e1s emblem\u00e1tica de la Costa Dorada"},"image":{"@id":"https:\/\/enjoysalou.com\/#\/schema\/logo\/image\/"}}]}},"_links":{"self":[{"href":"https:\/\/enjoysalou.com\/fr\/wp-json\/wp\/v2\/pages\/1470","targetHints":{"allow":["GET"]}}],"collection":[{"href":"https:\/\/enjoysalou.com\/fr\/wp-json\/wp\/v2\/pages"}],"about":[{"href":"https:\/\/enjoysalou.com\/fr\/wp-json\/wp\/v2\/types\/page"}],"author":[{"embeddable":true,"href":"https:\/\/enjoysalou.com\/fr\/wp-json\/wp\/v2\/users\/1"}],"replies":[{"embeddable":true,"href":"https:\/\/enjoysalou.com\/fr\/wp-json\/wp\/v2\/comments?post=1470"}],"version-history":[{"count":0,"href":"https:\/\/enjoysalou.com\/fr\/wp-json\/wp\/v2\/pages\/1470\/revisions"}],"wp:attachment":[{"href":"https:\/\/enjoysalou.com\/fr\/wp-json\/wp\/v2\/media?parent=1470"}],"curies":[{"name":"wp","href":"https:\/\/api.w.org\/{rel}","templated":true}]}}