{"id":1428,"date":"2022-01-28T15:16:06","date_gmt":"2022-01-28T15:16:06","guid":{"rendered":"https:\/\/enjoysalou.com\/politique-de-retour\/"},"modified":"2022-04-04T09:53:26","modified_gmt":"2022-04-04T09:53:26","slug":"politique-de-retour","status":"publish","type":"page","link":"https:\/\/enjoysalou.com\/fr\/politique-de-retour\/","title":{"rendered":"politique de retour"},"content":{"rendered":"\n<p>L&rsquo;\u00e2ge minimum pour acc\u00e9der au club est de 18 ans.<br\/>1.2 Les billets achet\u00e9s sont \u00e0 usage personnel et incessible. Le nom qui appara\u00eet sur le billet doit correspondre \u00e0 la documentation pr\u00e9sent\u00e9e \u00e0 la porte du club. En aucun cas la revente de billets ne sera autoris\u00e9e. L&rsquo;acc\u00e8s ne sera pas autoris\u00e9 si le billet est incomplet, alt\u00e9r\u00e9, d\u00e9chir\u00e9 ou pr\u00e9sente des signes de contrefa\u00e7on, ou sans billet physique ou num\u00e9rique.<\/p>\n\n<p>1.3 En cas d&rsquo;achats multiples, la pr\u00e9sence du titulaire de chaque billet est indispensable pour acc\u00e9der aux lieux. La documentation originale avec laquelle l&rsquo;achat a \u00e9t\u00e9 effectu\u00e9 doit \u00eatre pr\u00e9sent\u00e9e et en aucun cas l&rsquo;acc\u00e8s ne sera autoris\u00e9 en l&rsquo;absence du propri\u00e9taire.<\/p>\n\n<p>1.4 Le titulaire de la carte de cr\u00e9dit utilis\u00e9e pour effectuer le paiement doit pr\u00e9senter la m\u00eame carte utilis\u00e9e et une pi\u00e8ce d&rsquo;identit\u00e9 comprenant une photographie (permis de conduire, DNI ou passeport) \u00e0 la porte du club. Les photocopies ne sont pas accept\u00e9es.<\/p>\n\n<p>1.5. Dans le cas o\u00f9 la carte utilis\u00e9e pour payer l&rsquo;achat est frauduleuse, contactez-nous au moins vingt-quatre (24) heures avant l&rsquo;\u00e9v\u00e9nement \u00e0 info@enjoysalou.com. Dans ce cas, les billets achet\u00e9s seront annul\u00e9s.<\/p>\n\n<p>1.6. Le club se r\u00e9serve le droit d&rsquo;admission sous certaines conditions, notamment lorsqu&rsquo;un client est sous l&rsquo;influence de l&rsquo;alcool, de drogues ou de stup\u00e9fiants ou a une attitude violente, entre autres. En cas de refus d&rsquo;inscription, ENJOYSALOU remboursera int\u00e9gralement le montant inscrit en contactant info@enjoysalou.com.<\/p>\n\n<p>1.7. En cas de vol ou de perte des billets achet\u00e9s, contactez-nous par email \u00e0 info@enjoysalou.com dans les plus brefs d\u00e9lais.<\/p>\n\n<p>1.8 Les clients qui ach\u00e8tent des billets pour la zone VIP doivent \u00eatre convenablement v\u00eatus de v\u00eatements \u00e9l\u00e9gants (les v\u00eatements de plage, y compris les maillots de bain, les shorts, les sandales de plage, les tongs et les hommes portant des gilets sont interdits). Nonobstant ce qui pr\u00e9c\u00e8de, ENJOYSALOU se r\u00e9serve le droit d&rsquo;acc\u00e9der \u00e0 l&rsquo;espace VIP du club, m\u00eame si les conditions pr\u00e9cit\u00e9es ne sont pas respect\u00e9es.<\/p>\n\n<p>1.9. ENJOYSALOU n&rsquo;accepte pas les changements, modifications ou remboursements de billets apr\u00e8s que l&rsquo;\u00e9v\u00e9nement ait eu lieu.<\/p>\n\n<p>1.10. En cas d&rsquo;annulation du spectacle ou de la soir\u00e9e, l&rsquo;UTILISATEUR sera pr\u00e9venu au pr\u00e9alable par email et l&rsquo;achat sera int\u00e9gralement rembours\u00e9. Toutefois, ENJOYSALOU exclut express\u00e9ment de cette garantie les prestations et\/ou spectacles DJ, soir\u00e9es ou \u00e9v\u00e9nements susceptibles de changer en cas de force majeure.<\/p>\n","protected":false},"excerpt":{"rendered":"<p>L&rsquo;\u00e2ge minimum pour acc\u00e9der au club est de 18 ans.1.2 Les billets achet\u00e9s sont \u00e0 usage personnel et incessible. Le<span class=\"more-dots\">&#8230;<\/span><\/p>\n","protected":false},"author":1,"featured_media":0,"parent":0,"menu_order":0,"comment_status":"closed","ping_status":"closed","template":"page-templates\/full-width.php","meta":{"footnotes":""},"class_list":["post-1428","page","type-page","status-publish","hentry","no-post-thumbnail"],"yoast_head":"<!-- This site is optimized with the Yoast SEO plugin v25.0 - https:\/\/yoast.com\/wordpress\/plugins\/seo\/ -->\n<title>politique de retour - Enjoy Salou, la discoteca en Salou m\u00e1s emblem\u00e1tica de la Costa Dorada<\/title>\n<meta name=\"robots\" content=\"index, follow, max-snippet:-1, max-image-preview:large, max-video-preview:-1\" \/>\n<link rel=\"canonical\" href=\"https:\/\/enjoysalou.com\/fr\/politique-de-retour\/\" \/>\n<meta property=\"og:locale\" content=\"fr_FR\" \/>\n<meta property=\"og:type\" content=\"article\" \/>\n<meta property=\"og:title\" content=\"politique de retour - Enjoy Salou, la discoteca en Salou m\u00e1s emblem\u00e1tica de la Costa Dorada\" \/>\n<meta property=\"og:description\" content=\"L&rsquo;\u00e2ge minimum pour acc\u00e9der au club est de 18 ans.1.2 Les billets achet\u00e9s sont \u00e0 usage personnel et incessible. Le...\" \/>\n<meta property=\"og:url\" content=\"https:\/\/enjoysalou.com\/fr\/politique-de-retour\/\" \/>\n<meta property=\"og:site_name\" content=\"Enjoy Salou, la discoteca en Salou m\u00e1s emblem\u00e1tica de la Costa Dorada\" \/>\n<meta property=\"article:modified_time\" content=\"2022-04-04T09:53:26+00:00\" \/>\n<meta name=\"twitter:card\" content=\"summary_large_image\" \/>\n<meta name=\"twitter:label1\" content=\"Dur\u00e9e de lecture estim\u00e9e\" \/>\n\t<meta name=\"twitter:data1\" content=\"2 minutes\" \/>\n<script type=\"application\/ld+json\" class=\"yoast-schema-graph\">{\"@context\":\"https:\/\/schema.org\",\"@graph\":[{\"@type\":\"WebPage\",\"@id\":\"https:\/\/enjoysalou.com\/fr\/politique-de-retour\/\",\"url\":\"https:\/\/enjoysalou.com\/fr\/politique-de-retour\/\",\"name\":\"politique de retour - Enjoy Salou, la discoteca en Salou m\u00e1s emblem\u00e1tica de la Costa Dorada\",\"isPartOf\":{\"@id\":\"https:\/\/enjoysalou.com\/#website\"},\"datePublished\":\"2022-01-28T15:16:06+00:00\",\"dateModified\":\"2022-04-04T09:53:26+00:00\",\"breadcrumb\":{\"@id\":\"https:\/\/enjoysalou.com\/fr\/politique-de-retour\/#breadcrumb\"},\"inLanguage\":\"fr-FR\",\"potentialAction\":[{\"@type\":\"ReadAction\",\"target\":[\"https:\/\/enjoysalou.com\/fr\/politique-de-retour\/\"]}]},{\"@type\":\"BreadcrumbList\",\"@id\":\"https:\/\/enjoysalou.com\/fr\/politique-de-retour\/#breadcrumb\",\"itemListElement\":[{\"@type\":\"ListItem\",\"position\":1,\"name\":\"Home\",\"item\":\"https:\/\/enjoysalou.com\/fr\/\"},{\"@type\":\"ListItem\",\"position\":2,\"name\":\"politique de retour\"}]},{\"@type\":\"WebSite\",\"@id\":\"https:\/\/enjoysalou.com\/#website\",\"url\":\"https:\/\/enjoysalou.com\/\",\"name\":\"Enjoy Salou, la discoteca en Salou m\u00e1s emblem\u00e1tica de la Costa Dorada\",\"description\":\"La Discoteca m\u00e1s emblem\u00e1tica de Salou y de la Costa Dorada, Enjoy Salou!\",\"publisher\":{\"@id\":\"https:\/\/enjoysalou.com\/#organization\"},\"potentialAction\":[{\"@type\":\"SearchAction\",\"target\":{\"@type\":\"EntryPoint\",\"urlTemplate\":\"https:\/\/enjoysalou.com\/?s={search_term_string}\"},\"query-input\":{\"@type\":\"PropertyValueSpecification\",\"valueRequired\":true,\"valueName\":\"search_term_string\"}}],\"inLanguage\":\"fr-FR\"},{\"@type\":\"Organization\",\"@id\":\"https:\/\/enjoysalou.com\/#organization\",\"name\":\"Enjoy Salou, la discoteca en Salou m\u00e1s emblem\u00e1tica de la Costa Dorada\",\"url\":\"https:\/\/enjoysalou.com\/\",\"logo\":{\"@type\":\"ImageObject\",\"inLanguage\":\"fr-FR\",\"@id\":\"https:\/\/enjoysalou.com\/#\/schema\/logo\/image\/\",\"url\":\"https:\/\/enjoysalou.com\/wp-content\/uploads\/2022\/02\/logotipo_EnjoySalou.png\",\"contentUrl\":\"https:\/\/enjoysalou.com\/wp-content\/uploads\/2022\/02\/logotipo_EnjoySalou.png\",\"width\":271,\"height\":59,\"caption\":\"Enjoy Salou, la discoteca en Salou m\u00e1s emblem\u00e1tica de la Costa Dorada\"},\"image\":{\"@id\":\"https:\/\/enjoysalou.com\/#\/schema\/logo\/image\/\"}}]}<\/script>\n<!-- \/ Yoast SEO plugin. -->","yoast_head_json":{"title":"politique de retour - Enjoy Salou, la discoteca en Salou m\u00e1s emblem\u00e1tica de la Costa Dorada","robots":{"index":"index","follow":"follow","max-snippet":"max-snippet:-1","max-image-preview":"max-image-preview:large","max-video-preview":"max-video-preview:-1"},"canonical":"https:\/\/enjoysalou.com\/fr\/politique-de-retour\/","og_locale":"fr_FR","og_type":"article","og_title":"politique de retour - Enjoy Salou, la discoteca en Salou m\u00e1s emblem\u00e1tica de la Costa Dorada","og_description":"L&rsquo;\u00e2ge minimum pour acc\u00e9der au club est de 18 ans.1.2 Les billets achet\u00e9s sont \u00e0 usage personnel et incessible. Le...","og_url":"https:\/\/enjoysalou.com\/fr\/politique-de-retour\/","og_site_name":"Enjoy Salou, la discoteca en Salou m\u00e1s emblem\u00e1tica de la Costa Dorada","article_modified_time":"2022-04-04T09:53:26+00:00","twitter_card":"summary_large_image","twitter_misc":{"Dur\u00e9e de lecture estim\u00e9e":"2 minutes"},"schema":{"@context":"https:\/\/schema.org","@graph":[{"@type":"WebPage","@id":"https:\/\/enjoysalou.com\/fr\/politique-de-retour\/","url":"https:\/\/enjoysalou.com\/fr\/politique-de-retour\/","name":"politique de retour - Enjoy Salou, la discoteca en Salou m\u00e1s emblem\u00e1tica de la Costa Dorada","isPartOf":{"@id":"https:\/\/enjoysalou.com\/#website"},"datePublished":"2022-01-28T15:16:06+00:00","dateModified":"2022-04-04T09:53:26+00:00","breadcrumb":{"@id":"https:\/\/enjoysalou.com\/fr\/politique-de-retour\/#breadcrumb"},"inLanguage":"fr-FR","potentialAction":[{"@type":"ReadAction","target":["https:\/\/enjoysalou.com\/fr\/politique-de-retour\/"]}]},{"@type":"BreadcrumbList","@id":"https:\/\/enjoysalou.com\/fr\/politique-de-retour\/#breadcrumb","itemListElement":[{"@type":"ListItem","position":1,"name":"Home","item":"https:\/\/enjoysalou.com\/fr\/"},{"@type":"ListItem","position":2,"name":"politique de retour"}]},{"@type":"WebSite","@id":"https:\/\/enjoysalou.com\/#website","url":"https:\/\/enjoysalou.com\/","name":"Enjoy Salou, la discoteca en Salou m\u00e1s emblem\u00e1tica de la Costa Dorada","description":"La Discoteca m\u00e1s emblem\u00e1tica de Salou y de la Costa Dorada, Enjoy Salou!","publisher":{"@id":"https:\/\/enjoysalou.com\/#organization"},"potentialAction":[{"@type":"SearchAction","target":{"@type":"EntryPoint","urlTemplate":"https:\/\/enjoysalou.com\/?s={search_term_string}"},"query-input":{"@type":"PropertyValueSpecification","valueRequired":true,"valueName":"search_term_string"}}],"inLanguage":"fr-FR"},{"@type":"Organization","@id":"https:\/\/enjoysalou.com\/#organization","name":"Enjoy Salou, la discoteca en Salou m\u00e1s emblem\u00e1tica de la Costa Dorada","url":"https:\/\/enjoysalou.com\/","logo":{"@type":"ImageObject","inLanguage":"fr-FR","@id":"https:\/\/enjoysalou.com\/#\/schema\/logo\/image\/","url":"https:\/\/enjoysalou.com\/wp-content\/uploads\/2022\/02\/logotipo_EnjoySalou.png","contentUrl":"https:\/\/enjoysalou.com\/wp-content\/uploads\/2022\/02\/logotipo_EnjoySalou.png","width":271,"height":59,"caption":"Enjoy Salou, la discoteca en Salou m\u00e1s emblem\u00e1tica de la Costa Dorada"},"image":{"@id":"https:\/\/enjoysalou.com\/#\/schema\/logo\/image\/"}}]}},"_links":{"self":[{"href":"https:\/\/enjoysalou.com\/fr\/wp-json\/wp\/v2\/pages\/1428","targetHints":{"allow":["GET"]}}],"collection":[{"href":"https:\/\/enjoysalou.com\/fr\/wp-json\/wp\/v2\/pages"}],"about":[{"href":"https:\/\/enjoysalou.com\/fr\/wp-json\/wp\/v2\/types\/page"}],"author":[{"embeddable":true,"href":"https:\/\/enjoysalou.com\/fr\/wp-json\/wp\/v2\/users\/1"}],"replies":[{"embeddable":true,"href":"https:\/\/enjoysalou.com\/fr\/wp-json\/wp\/v2\/comments?post=1428"}],"version-history":[{"count":0,"href":"https:\/\/enjoysalou.com\/fr\/wp-json\/wp\/v2\/pages\/1428\/revisions"}],"wp:attachment":[{"href":"https:\/\/enjoysalou.com\/fr\/wp-json\/wp\/v2\/media?parent=1428"}],"curies":[{"name":"wp","href":"https:\/\/api.w.org\/{rel}","templated":true}]}}