{"id":1398,"date":"2022-01-27T09:40:58","date_gmt":"2022-01-27T09:40:58","guid":{"rendered":"https:\/\/enjoysalou.com\/le-club\/"},"modified":"2022-04-04T09:51:12","modified_gmt":"2022-04-04T09:51:12","slug":"le-club","status":"publish","type":"page","link":"https:\/\/enjoysalou.com\/fr\/le-club\/","title":{"rendered":"Le club"},"content":{"rendered":"\n<div class=\"wp-block-cover alignfull\" style=\"padding-top:40px;padding-right:40px;padding-bottom:40px;padding-left:40px\"><span aria-hidden=\"true\" class=\"has-main-background-color has-background-dim-100 wp-block-cover__gradient-background has-background-dim\"><\/span><div class=\"wp-block-cover__inner-container is-layout-flow wp-block-cover-is-layout-flow\">\n<p class=\"has-font-color has-text-color has-large-font-size\">Situ\u00e9 dans le quartier le plus anim\u00e9 de <strong>Salou<\/strong> , enjoysalou est un lieu con\u00e7u et cr\u00e9\u00e9 pour offrir \u00e0 son public un maximum de <strong>plaisir et de confort<\/strong> .<br\/>\u00c0 l&rsquo;int\u00e9rieur, nous pouvons souligner sa <strong>barre centrale de forme elliptique<\/strong> qui nous permet d&rsquo;avoir une large vue sur l&rsquo;ensemble des locaux depuis n&rsquo;importe quel point. <\/p>\n\n\n\n<p>Les performances incroyables de nos <strong>gogos et serveurs<\/strong> , rendent les nuits enjoysalou uniques et inoubliables, gr\u00e2ce \u00e0 l&rsquo;atmosph\u00e8re la plus insouciante et amusante de toute la <strong>Costa Dorada<\/strong> .<br\/>Nous nous distinguons par le <strong>bon traitement<\/strong> de nos clients, qui sont plus des amis que des clients, c&rsquo;est pourquoi nous nous effor\u00e7ons de leur offrir un maximum de plaisir avec la meilleure musique de notre <strong>DJ r\u00e9sident<\/strong> .<br\/>Aujourd&rsquo;hui, gr\u00e2ce \u00e0 l&rsquo;\u00e9quipe humaine qui a mis sa grande exp\u00e9rience \u00e0 votre service, nous pouvons dire que nous sommes l&rsquo;un des <strong>meilleurs endroits de Salou<\/strong> et bien s\u00fbr, gr\u00e2ce \u00e0 vous.<\/p>\n<\/div><\/div>\n\n<figure class=\"wp-block-gallery alignfull has-nested-images columns-4 is-cropped wp-block-gallery-1 is-layout-flex wp-block-gallery-is-layout-flex\">\n<figure class=\"wp-block-image size-large\"><img decoding=\"async\" width=\"2560\" height=\"2560\" data-id=\"174\" src=\"https:\/\/enjoysalou.com\/NUEVA\/wp-content\/uploads\/2022\/01\/P1050886-scaled.jpg\" alt=\"\" class=\"wp-image-174 no-lazyload\" srcset=\"https:\/\/enjoysalou.com\/wp-content\/uploads\/2022\/01\/P1050886-scaled.jpg 2560w, https:\/\/enjoysalou.com\/wp-content\/uploads\/2022\/01\/P1050886-scaled-300x300.jpg 300w, https:\/\/enjoysalou.com\/wp-content\/uploads\/2022\/01\/P1050886-scaled-1024x1024.jpg 1024w, https:\/\/enjoysalou.com\/wp-content\/uploads\/2022\/01\/P1050886-scaled-150x150.jpg 150w, https:\/\/enjoysalou.com\/wp-content\/uploads\/2022\/01\/P1050886-scaled-768x768.jpg 768w, https:\/\/enjoysalou.com\/wp-content\/uploads\/2022\/01\/P1050886-scaled-1536x1536.jpg 1536w, https:\/\/enjoysalou.com\/wp-content\/uploads\/2022\/01\/P1050886-scaled-2048x2048.jpg 2048w, https:\/\/enjoysalou.com\/wp-content\/uploads\/2022\/01\/P1050886-scaled-855x855.jpg 855w, https:\/\/enjoysalou.com\/wp-content\/uploads\/2022\/01\/P1050886-scaled-800x800.jpg 800w, https:\/\/enjoysalou.com\/wp-content\/uploads\/2022\/01\/P1050886-scaled-600x600.jpg 600w, https:\/\/enjoysalou.com\/wp-content\/uploads\/2022\/01\/P1050886-scaled-100x100.jpg 100w\" sizes=\"(max-width: 2560px) 100vw, 2560px\" \/><\/figure>\n\n\n<figure class=\"wp-block-image size-large\"><img decoding=\"async\" width=\"2560\" height=\"2560\" data-id=\"175\" src=\"https:\/\/enjoysalou.com\/NUEVA\/wp-content\/uploads\/2022\/01\/P1050904-scaled.jpg\" alt=\"\" class=\"wp-image-175 no-lazyload\" srcset=\"https:\/\/enjoysalou.com\/wp-content\/uploads\/2022\/01\/P1050904-scaled.jpg 2560w, https:\/\/enjoysalou.com\/wp-content\/uploads\/2022\/01\/P1050904-scaled-300x300.jpg 300w, https:\/\/enjoysalou.com\/wp-content\/uploads\/2022\/01\/P1050904-scaled-1024x1024.jpg 1024w, https:\/\/enjoysalou.com\/wp-content\/uploads\/2022\/01\/P1050904-scaled-150x150.jpg 150w, https:\/\/enjoysalou.com\/wp-content\/uploads\/2022\/01\/P1050904-scaled-768x768.jpg 768w, https:\/\/enjoysalou.com\/wp-content\/uploads\/2022\/01\/P1050904-scaled-1536x1536.jpg 1536w, https:\/\/enjoysalou.com\/wp-content\/uploads\/2022\/01\/P1050904-scaled-2048x2048.jpg 2048w, https:\/\/enjoysalou.com\/wp-content\/uploads\/2022\/01\/P1050904-scaled-855x855.jpg 855w, https:\/\/enjoysalou.com\/wp-content\/uploads\/2022\/01\/P1050904-scaled-800x800.jpg 800w, https:\/\/enjoysalou.com\/wp-content\/uploads\/2022\/01\/P1050904-scaled-600x600.jpg 600w, https:\/\/enjoysalou.com\/wp-content\/uploads\/2022\/01\/P1050904-scaled-100x100.jpg 100w\" sizes=\"(max-width: 2560px) 100vw, 2560px\" \/><\/figure>\n\n\n<figure class=\"wp-block-image size-large\"><img decoding=\"async\" width=\"2560\" height=\"2560\" data-id=\"125\" src=\"https:\/\/enjoysalou.com\/NUEVA\/wp-content\/uploads\/2022\/01\/P1050909-scaled.jpg\" alt=\"\" class=\"wp-image-125 no-lazyload\" srcset=\"https:\/\/enjoysalou.com\/wp-content\/uploads\/2022\/01\/P1050909-scaled.jpg 2560w, https:\/\/enjoysalou.com\/wp-content\/uploads\/2022\/01\/P1050909-scaled-300x300.jpg 300w, https:\/\/enjoysalou.com\/wp-content\/uploads\/2022\/01\/P1050909-scaled-1024x1024.jpg 1024w, https:\/\/enjoysalou.com\/wp-content\/uploads\/2022\/01\/P1050909-scaled-150x150.jpg 150w, https:\/\/enjoysalou.com\/wp-content\/uploads\/2022\/01\/P1050909-scaled-768x768.jpg 768w, https:\/\/enjoysalou.com\/wp-content\/uploads\/2022\/01\/P1050909-scaled-1536x1536.jpg 1536w, https:\/\/enjoysalou.com\/wp-content\/uploads\/2022\/01\/P1050909-scaled-2048x2048.jpg 2048w, https:\/\/enjoysalou.com\/wp-content\/uploads\/2022\/01\/P1050909-scaled-855x855.jpg 855w, https:\/\/enjoysalou.com\/wp-content\/uploads\/2022\/01\/P1050909-scaled-800x800.jpg 800w, https:\/\/enjoysalou.com\/wp-content\/uploads\/2022\/01\/P1050909-scaled-600x600.jpg 600w, https:\/\/enjoysalou.com\/wp-content\/uploads\/2022\/01\/P1050909-scaled-100x100.jpg 100w\" sizes=\"(max-width: 2560px) 100vw, 2560px\" \/><\/figure>\n\n\n<figure class=\"wp-block-image size-large\"><img decoding=\"async\" width=\"2560\" height=\"2560\" data-id=\"191\" src=\"https:\/\/enjoysalou.com\/NUEVA\/wp-content\/uploads\/2022\/01\/P1060415-scaled.jpg\" alt=\"\" class=\"wp-image-191 no-lazyload\" srcset=\"https:\/\/enjoysalou.com\/wp-content\/uploads\/2022\/01\/P1060415-scaled.jpg 2560w, https:\/\/enjoysalou.com\/wp-content\/uploads\/2022\/01\/P1060415-scaled-300x300.jpg 300w, https:\/\/enjoysalou.com\/wp-content\/uploads\/2022\/01\/P1060415-scaled-1024x1024.jpg 1024w, https:\/\/enjoysalou.com\/wp-content\/uploads\/2022\/01\/P1060415-scaled-150x150.jpg 150w, https:\/\/enjoysalou.com\/wp-content\/uploads\/2022\/01\/P1060415-scaled-768x768.jpg 768w, https:\/\/enjoysalou.com\/wp-content\/uploads\/2022\/01\/P1060415-scaled-1536x1536.jpg 1536w, https:\/\/enjoysalou.com\/wp-content\/uploads\/2022\/01\/P1060415-scaled-2048x2048.jpg 2048w, https:\/\/enjoysalou.com\/wp-content\/uploads\/2022\/01\/P1060415-scaled-855x855.jpg 855w, https:\/\/enjoysalou.com\/wp-content\/uploads\/2022\/01\/P1060415-scaled-800x800.jpg 800w, https:\/\/enjoysalou.com\/wp-content\/uploads\/2022\/01\/P1060415-scaled-600x600.jpg 600w, https:\/\/enjoysalou.com\/wp-content\/uploads\/2022\/01\/P1060415-scaled-100x100.jpg 100w\" sizes=\"(max-width: 2560px) 100vw, 2560px\" \/><\/figure><\/figure>\n\n<div class=\"wp-block-columns alignfull has-light-color has-dark-muted-background-color has-text-color has-background is-layout-flex wp-container-core-columns-is-layout-d3dac217 wp-block-columns-is-layout-flex\" style=\"padding-top:40px;padding-right:40px;padding-bottom:40px;padding-left:40px\">\n<div class=\"wp-block-column is-layout-flow wp-block-column-is-layout-flow\">\n<h2 class=\"is-style-decor3 has-main-color has-text-color wp-block-heading\" id=\"vip-zone\">VIP-ZONE<\/h2>\n\n\n\n<p>L&rsquo; <strong>espace VIP<\/strong> dispose de chambres confortables avec tables et fauteuils o\u00f9 vous pourrez d\u00e9guster de d\u00e9licieux cocktails ou des bouteilles sp\u00e9ciales avec vos amis ou votre partenaire.<br\/>Si vous souhaitez r\u00e9server une table VIP, contactez-nous via notre formulaire, en appelant notre num\u00e9ro de t\u00e9l\u00e9phone ou en nous envoyant un e-mail \u00e0; <strong>info@enjoysalou.com<\/strong> .<\/p>\n<\/div>\n\n\n\n<div class=\"wp-block-column is-layout-flow wp-block-column-is-layout-flow\">\n<h2 class=\"is-style-decor3 has-main-color has-text-color wp-block-heading\" id=\"terrace\">TERRASSE<\/h2>\n\n\n\n<p>Notre <strong>terrasse ext\u00e9rieure<\/strong> dispose d&rsquo;espaces s\u00e9par\u00e9s avec diff\u00e9rentes options pour profiter de la bonne musique et notre barman sp\u00e9cialis\u00e9 qui vous servira dans un bar ext\u00e9rieur o\u00f9 vous pourrez d\u00e9guster de d\u00e9licieuses boissons.<\/p>\n<\/div>\n\n\n\n<div class=\"wp-block-column is-layout-flow wp-block-column-is-layout-flow\">\n<h2 class=\"is-style-decor3 has-main-color has-text-color wp-block-heading\" id=\"main-room\">PI\u00c8CE PRINCIPALE<\/h2>\n\n\n\n<p>La <strong>piste de danse<\/strong> \u00e0 l&rsquo;int\u00e9rieur des locaux a un grand \u00e9tage avec une barre elliptique en son centre. Dansez, amusez-vous et venez au stand DJ pour recevoir toutes les sensations incroyables des nuits que vous offre Enjoy Salou.<\/p>\n<\/div>\n<\/div>\n\n<div class=\"wp-block-media-text alignfull is-stacked-on-mobile has-light-color has-midnight-gradient-background has-text-color has-background\"><figure class=\"wp-block-media-text__media\"><img decoding=\"async\" src=\"https:\/\/enjoysalou.com\/NUEVA\/wp-content\/uploads\/2022\/01\/P1060284-1024x1024.jpg\" alt=\"\" class=\"wp-image-190 size-full no-lazyload\"\/><\/figure><div class=\"wp-block-media-text__content\">\n<h3 class=\"is-style-decor3 has-main-color has-text-color wp-block-heading\" id=\"dj-iklax\" style=\"font-style:normal;font-weight:500;text-transform:uppercase\">DJ IKLAX<\/h3>\n\n\n\n<p><em>R\u00e9sident<\/em><\/p>\n\n\n\n<p>Styles : Commercial, Reggaeton, Electrolatino, Latino, Dembow, RnB, Top Hits&#8230; Actuellement r\u00e9sident \u00e0 Enjoy Salou.<\/p>\n<\/div><\/div>\n","protected":false},"excerpt":{"rendered":"<p>VIP-ZONE L&rsquo; espace VIP dispose de chambres confortables avec tables et fauteuils o\u00f9 vous pourrez d\u00e9guster de d\u00e9licieux cocktails ou<span class=\"more-dots\">&#8230;<\/span><\/p>\n","protected":false},"author":1,"featured_media":1303,"parent":0,"menu_order":0,"comment_status":"closed","ping_status":"closed","template":"page-templates\/home.php","meta":{"footnotes":""},"class_list":["post-1398","page","type-page","status-publish","has-post-thumbnail","hentry"],"yoast_head":"<!-- This site is optimized with the Yoast SEO plugin v25.0 - https:\/\/yoast.com\/wordpress\/plugins\/seo\/ -->\n<title>Le club - Enjoy Salou, la discoteca en Salou m\u00e1s emblem\u00e1tica de la Costa Dorada<\/title>\n<meta name=\"robots\" content=\"index, follow, max-snippet:-1, max-image-preview:large, max-video-preview:-1\" \/>\n<link rel=\"canonical\" href=\"https:\/\/enjoysalou.com\/fr\/le-club\/\" \/>\n<meta property=\"og:locale\" content=\"fr_FR\" \/>\n<meta property=\"og:type\" content=\"article\" \/>\n<meta property=\"og:title\" content=\"Le club - Enjoy Salou, la discoteca en Salou m\u00e1s emblem\u00e1tica de la Costa Dorada\" \/>\n<meta property=\"og:description\" content=\"VIP-ZONE L&rsquo; espace VIP dispose de chambres confortables avec tables et fauteuils o\u00f9 vous pourrez d\u00e9guster de d\u00e9licieux cocktails ou...\" \/>\n<meta property=\"og:url\" content=\"https:\/\/enjoysalou.com\/fr\/le-club\/\" \/>\n<meta property=\"og:site_name\" content=\"Enjoy Salou, la discoteca en Salou m\u00e1s emblem\u00e1tica de la Costa Dorada\" \/>\n<meta property=\"article:modified_time\" content=\"2022-04-04T09:51:12+00:00\" \/>\n<meta property=\"og:image\" content=\"https:\/\/enjoysalou.com\/NUEVA\/wp-content\/uploads\/2022\/01\/P1050886-scaled.jpg\" \/>\n<meta name=\"twitter:card\" content=\"summary_large_image\" \/>\n<meta name=\"twitter:label1\" content=\"Dur\u00e9e de lecture estim\u00e9e\" \/>\n\t<meta name=\"twitter:data1\" content=\"2 minutes\" \/>\n<script type=\"application\/ld+json\" class=\"yoast-schema-graph\">{\"@context\":\"https:\/\/schema.org\",\"@graph\":[{\"@type\":\"WebPage\",\"@id\":\"https:\/\/enjoysalou.com\/fr\/le-club\/\",\"url\":\"https:\/\/enjoysalou.com\/fr\/le-club\/\",\"name\":\"Le club - Enjoy Salou, la discoteca en Salou m\u00e1s emblem\u00e1tica de la Costa Dorada\",\"isPartOf\":{\"@id\":\"https:\/\/enjoysalou.com\/#website\"},\"primaryImageOfPage\":{\"@id\":\"https:\/\/enjoysalou.com\/fr\/le-club\/#primaryimage\"},\"image\":{\"@id\":\"https:\/\/enjoysalou.com\/fr\/le-club\/#primaryimage\"},\"thumbnailUrl\":\"https:\/\/enjoysalou.com\/wp-content\/uploads\/2022\/01\/phoneENJOY.png\",\"datePublished\":\"2022-01-27T09:40:58+00:00\",\"dateModified\":\"2022-04-04T09:51:12+00:00\",\"breadcrumb\":{\"@id\":\"https:\/\/enjoysalou.com\/fr\/le-club\/#breadcrumb\"},\"inLanguage\":\"fr-FR\",\"potentialAction\":[{\"@type\":\"ReadAction\",\"target\":[\"https:\/\/enjoysalou.com\/fr\/le-club\/\"]}]},{\"@type\":\"ImageObject\",\"inLanguage\":\"fr-FR\",\"@id\":\"https:\/\/enjoysalou.com\/fr\/le-club\/#primaryimage\",\"url\":\"https:\/\/enjoysalou.com\/wp-content\/uploads\/2022\/01\/phoneENJOY.png\",\"contentUrl\":\"https:\/\/enjoysalou.com\/wp-content\/uploads\/2022\/01\/phoneENJOY.png\",\"width\":994,\"height\":1889},{\"@type\":\"BreadcrumbList\",\"@id\":\"https:\/\/enjoysalou.com\/fr\/le-club\/#breadcrumb\",\"itemListElement\":[{\"@type\":\"ListItem\",\"position\":1,\"name\":\"Home\",\"item\":\"https:\/\/enjoysalou.com\/fr\/\"},{\"@type\":\"ListItem\",\"position\":2,\"name\":\"Le club\"}]},{\"@type\":\"WebSite\",\"@id\":\"https:\/\/enjoysalou.com\/#website\",\"url\":\"https:\/\/enjoysalou.com\/\",\"name\":\"Enjoy Salou, la discoteca en Salou m\u00e1s emblem\u00e1tica de la Costa Dorada\",\"description\":\"La Discoteca m\u00e1s emblem\u00e1tica de Salou y de la Costa Dorada, Enjoy Salou!\",\"publisher\":{\"@id\":\"https:\/\/enjoysalou.com\/#organization\"},\"potentialAction\":[{\"@type\":\"SearchAction\",\"target\":{\"@type\":\"EntryPoint\",\"urlTemplate\":\"https:\/\/enjoysalou.com\/?s={search_term_string}\"},\"query-input\":{\"@type\":\"PropertyValueSpecification\",\"valueRequired\":true,\"valueName\":\"search_term_string\"}}],\"inLanguage\":\"fr-FR\"},{\"@type\":\"Organization\",\"@id\":\"https:\/\/enjoysalou.com\/#organization\",\"name\":\"Enjoy Salou, la discoteca en Salou m\u00e1s emblem\u00e1tica de la Costa Dorada\",\"url\":\"https:\/\/enjoysalou.com\/\",\"logo\":{\"@type\":\"ImageObject\",\"inLanguage\":\"fr-FR\",\"@id\":\"https:\/\/enjoysalou.com\/#\/schema\/logo\/image\/\",\"url\":\"https:\/\/enjoysalou.com\/wp-content\/uploads\/2022\/02\/logotipo_EnjoySalou.png\",\"contentUrl\":\"https:\/\/enjoysalou.com\/wp-content\/uploads\/2022\/02\/logotipo_EnjoySalou.png\",\"width\":271,\"height\":59,\"caption\":\"Enjoy Salou, la discoteca en Salou m\u00e1s emblem\u00e1tica de la Costa Dorada\"},\"image\":{\"@id\":\"https:\/\/enjoysalou.com\/#\/schema\/logo\/image\/\"}}]}<\/script>\n<!-- \/ Yoast SEO plugin. -->","yoast_head_json":{"title":"Le club - Enjoy Salou, la discoteca en Salou m\u00e1s emblem\u00e1tica de la Costa Dorada","robots":{"index":"index","follow":"follow","max-snippet":"max-snippet:-1","max-image-preview":"max-image-preview:large","max-video-preview":"max-video-preview:-1"},"canonical":"https:\/\/enjoysalou.com\/fr\/le-club\/","og_locale":"fr_FR","og_type":"article","og_title":"Le club - Enjoy Salou, la discoteca en Salou m\u00e1s emblem\u00e1tica de la Costa Dorada","og_description":"VIP-ZONE L&rsquo; espace VIP dispose de chambres confortables avec tables et fauteuils o\u00f9 vous pourrez d\u00e9guster de d\u00e9licieux cocktails ou...","og_url":"https:\/\/enjoysalou.com\/fr\/le-club\/","og_site_name":"Enjoy Salou, la discoteca en Salou m\u00e1s emblem\u00e1tica de la Costa Dorada","article_modified_time":"2022-04-04T09:51:12+00:00","og_image":[{"url":"https:\/\/enjoysalou.com\/NUEVA\/wp-content\/uploads\/2022\/01\/P1050886-scaled.jpg","type":"","width":"","height":""}],"twitter_card":"summary_large_image","twitter_misc":{"Dur\u00e9e de lecture estim\u00e9e":"2 minutes"},"schema":{"@context":"https:\/\/schema.org","@graph":[{"@type":"WebPage","@id":"https:\/\/enjoysalou.com\/fr\/le-club\/","url":"https:\/\/enjoysalou.com\/fr\/le-club\/","name":"Le club - Enjoy Salou, la discoteca en Salou m\u00e1s emblem\u00e1tica de la Costa Dorada","isPartOf":{"@id":"https:\/\/enjoysalou.com\/#website"},"primaryImageOfPage":{"@id":"https:\/\/enjoysalou.com\/fr\/le-club\/#primaryimage"},"image":{"@id":"https:\/\/enjoysalou.com\/fr\/le-club\/#primaryimage"},"thumbnailUrl":"https:\/\/enjoysalou.com\/wp-content\/uploads\/2022\/01\/phoneENJOY.png","datePublished":"2022-01-27T09:40:58+00:00","dateModified":"2022-04-04T09:51:12+00:00","breadcrumb":{"@id":"https:\/\/enjoysalou.com\/fr\/le-club\/#breadcrumb"},"inLanguage":"fr-FR","potentialAction":[{"@type":"ReadAction","target":["https:\/\/enjoysalou.com\/fr\/le-club\/"]}]},{"@type":"ImageObject","inLanguage":"fr-FR","@id":"https:\/\/enjoysalou.com\/fr\/le-club\/#primaryimage","url":"https:\/\/enjoysalou.com\/wp-content\/uploads\/2022\/01\/phoneENJOY.png","contentUrl":"https:\/\/enjoysalou.com\/wp-content\/uploads\/2022\/01\/phoneENJOY.png","width":994,"height":1889},{"@type":"BreadcrumbList","@id":"https:\/\/enjoysalou.com\/fr\/le-club\/#breadcrumb","itemListElement":[{"@type":"ListItem","position":1,"name":"Home","item":"https:\/\/enjoysalou.com\/fr\/"},{"@type":"ListItem","position":2,"name":"Le club"}]},{"@type":"WebSite","@id":"https:\/\/enjoysalou.com\/#website","url":"https:\/\/enjoysalou.com\/","name":"Enjoy Salou, la discoteca en Salou m\u00e1s emblem\u00e1tica de la Costa Dorada","description":"La Discoteca m\u00e1s emblem\u00e1tica de Salou y de la Costa Dorada, Enjoy Salou!","publisher":{"@id":"https:\/\/enjoysalou.com\/#organization"},"potentialAction":[{"@type":"SearchAction","target":{"@type":"EntryPoint","urlTemplate":"https:\/\/enjoysalou.com\/?s={search_term_string}"},"query-input":{"@type":"PropertyValueSpecification","valueRequired":true,"valueName":"search_term_string"}}],"inLanguage":"fr-FR"},{"@type":"Organization","@id":"https:\/\/enjoysalou.com\/#organization","name":"Enjoy Salou, la discoteca en Salou m\u00e1s emblem\u00e1tica de la Costa Dorada","url":"https:\/\/enjoysalou.com\/","logo":{"@type":"ImageObject","inLanguage":"fr-FR","@id":"https:\/\/enjoysalou.com\/#\/schema\/logo\/image\/","url":"https:\/\/enjoysalou.com\/wp-content\/uploads\/2022\/02\/logotipo_EnjoySalou.png","contentUrl":"https:\/\/enjoysalou.com\/wp-content\/uploads\/2022\/02\/logotipo_EnjoySalou.png","width":271,"height":59,"caption":"Enjoy Salou, la discoteca en Salou m\u00e1s emblem\u00e1tica de la Costa Dorada"},"image":{"@id":"https:\/\/enjoysalou.com\/#\/schema\/logo\/image\/"}}]}},"_links":{"self":[{"href":"https:\/\/enjoysalou.com\/fr\/wp-json\/wp\/v2\/pages\/1398","targetHints":{"allow":["GET"]}}],"collection":[{"href":"https:\/\/enjoysalou.com\/fr\/wp-json\/wp\/v2\/pages"}],"about":[{"href":"https:\/\/enjoysalou.com\/fr\/wp-json\/wp\/v2\/types\/page"}],"author":[{"embeddable":true,"href":"https:\/\/enjoysalou.com\/fr\/wp-json\/wp\/v2\/users\/1"}],"replies":[{"embeddable":true,"href":"https:\/\/enjoysalou.com\/fr\/wp-json\/wp\/v2\/comments?post=1398"}],"version-history":[{"count":0,"href":"https:\/\/enjoysalou.com\/fr\/wp-json\/wp\/v2\/pages\/1398\/revisions"}],"wp:featuredmedia":[{"embeddable":true,"href":"https:\/\/enjoysalou.com\/fr\/wp-json\/wp\/v2\/media\/1303"}],"wp:attachment":[{"href":"https:\/\/enjoysalou.com\/fr\/wp-json\/wp\/v2\/media?parent=1398"}],"curies":[{"name":"wp","href":"https:\/\/api.w.org\/{rel}","templated":true}]}}