{"id":1372,"date":"2022-01-27T12:11:47","date_gmt":"2022-01-27T12:11:47","guid":{"rendered":"https:\/\/enjoysalou.com\/contact\/"},"modified":"2022-04-04T10:02:55","modified_gmt":"2022-04-04T10:02:55","slug":"contact","status":"publish","type":"page","link":"https:\/\/enjoysalou.com\/fr\/contact\/","title":{"rendered":"Contact"},"content":{"rendered":"\n<div class=\"wp-block-cover alignfull\" style=\"padding-top:40px;padding-right:40px;padding-bottom:40px;padding-left:40px\"><span aria-hidden=\"true\" class=\"has-main-background-color has-background-dim-100 wp-block-cover__gradient-background has-background-dim\"><\/span><div class=\"wp-block-cover__inner-container is-layout-flow wp-block-cover-is-layout-flow\">\n<h1 class=\"has-text-align-center mt-3 mb-05 is-style-decor3 has-light-color has-font-background-color has-text-color has-background wp-block-heading\" id=\"lorem-ipsum\">PROFITEZ DES CONTACTS<\/h1>\n\n\n\n<p class=\"has-text-align-center has-dark-muted-color has-text-color has-large-font-size\">Vous pouvez nous contacter via notre e-mail; info@enjoysalou.com, nos r\u00e9seaux sociaux, le num\u00e9ro de t\u00e9l\u00e9phone ; 877 00 12 14 ou en remplissant ce formulaire de contact<\/p>\n\n\n\n<div class=\"wp-block-columns is-layout-flex wp-container-core-columns-is-layout-9d6595d7 wp-block-columns-is-layout-flex\">\n<div class=\"wp-block-column is-layout-flow wp-block-column-is-layout-flow\">\n<h1 class=\"has-text-align-center mt-3 mb-05 is-style-decor3 has-main-color has-font-background-color has-text-color has-background has-normal-font-size wp-block-heading\" id=\"lorem-ipsum\">PROFITEZ DU FORMULAIRE<\/h1>\n\n\n\n<div class=\"wpcf7 no-js\" id=\"wpcf7-f212-o1\" lang=\"es-ES\" dir=\"ltr\" data-wpcf7-id=\"212\">\n<div class=\"screen-reader-response\"><p role=\"status\" aria-live=\"polite\" aria-atomic=\"true\"><\/p> <ul><\/ul><\/div>\n<form action=\"\/fr\/wp-json\/wp\/v2\/pages\/1372#wpcf7-f212-o1\" method=\"post\" class=\"wpcf7-form init\" aria-label=\"Formulario de contacto\" novalidate=\"novalidate\" data-status=\"init\">\n<div style=\"display: none;\">\n<input type=\"hidden\" name=\"_wpcf7\" value=\"212\" \/>\n<input type=\"hidden\" name=\"_wpcf7_version\" value=\"6.0.6\" \/>\n<input type=\"hidden\" name=\"_wpcf7_locale\" value=\"es_ES\" \/>\n<input type=\"hidden\" name=\"_wpcf7_unit_tag\" value=\"wpcf7-f212-o1\" \/>\n<input type=\"hidden\" name=\"_wpcf7_container_post\" value=\"0\" \/>\n<input type=\"hidden\" name=\"_wpcf7_posted_data_hash\" value=\"\" \/>\n<input type=\"hidden\" name=\"_wpcf7_recaptcha_response\" value=\"\" \/>\n<\/div>\n<p><label> Nombre<br \/>\n<span class=\"wpcf7-form-control-wrap\" data-name=\"your-name\"><input size=\"40\" maxlength=\"400\" class=\"wpcf7-form-control wpcf7-text wpcf7-validates-as-required\" aria-required=\"true\" aria-invalid=\"false\" value=\"\" type=\"text\" name=\"your-name\" \/><\/span> <\/label>\n<\/p>\n<p><label> E-mail<br \/>\n<span class=\"wpcf7-form-control-wrap\" data-name=\"your-email\"><input size=\"40\" maxlength=\"400\" class=\"wpcf7-form-control wpcf7-email wpcf7-validates-as-required wpcf7-text wpcf7-validates-as-email\" aria-required=\"true\" aria-invalid=\"false\" value=\"\" type=\"email\" name=\"your-email\" \/><\/span> <\/label>\n<\/p>\n<p><label> Tel\u00e9fono<br \/>\n<span class=\"wpcf7-form-control-wrap\" data-name=\"tel-528\"><input size=\"40\" maxlength=\"400\" class=\"wpcf7-form-control wpcf7-tel wpcf7-text wpcf7-validates-as-tel\" aria-invalid=\"false\" value=\"\" type=\"tel\" name=\"tel-528\" \/><\/span> <\/label>\n<\/p>\n<p><label> Asunto<br \/>\n<span class=\"wpcf7-form-control-wrap\" data-name=\"your-subject\"><input size=\"40\" maxlength=\"400\" class=\"wpcf7-form-control wpcf7-text wpcf7-validates-as-required\" aria-required=\"true\" aria-invalid=\"false\" value=\"\" type=\"text\" name=\"your-subject\" \/><\/span> <\/label>\n<\/p>\n<p><label> Mensaje<br \/>\n<span class=\"wpcf7-form-control-wrap\" data-name=\"your-message\"><textarea cols=\"40\" rows=\"10\" maxlength=\"2000\" class=\"wpcf7-form-control wpcf7-textarea\" aria-invalid=\"false\" name=\"your-message\"><\/textarea><\/span> <\/label>\n<\/p>\n<p><input class=\"wpcf7-form-control wpcf7-submit has-spinner\" type=\"submit\" value=\"Enviar\" \/>\n<\/p><div class=\"wpcf7-response-output\" aria-hidden=\"true\"><\/div>\n<\/form>\n<\/div>\n\n<\/div>\n\n\n\n<div class=\"wp-block-column has-light-color has-text-color is-layout-flow wp-block-column-is-layout-flow\">\n<h1 class=\"has-text-align-center mt-3 mb-05 is-style-decor3 has-main-color has-font-background-color has-text-color has-background has-normal-font-size wp-block-heading\" id=\"lorem-ipsum\">PROFITEZ DE L&rsquo;EMPLACEMENT<\/h1>\n\n\n\n<iframe src=\"https:\/\/www.google.com\/maps\/embed?pb=!1m14!1m8!1m3!1d12031.352721371706!2d1.1501679!3d41.0725297!3m2!1i1024!2i768!4f13.1!3m3!1m2!1s0x0%3A0x3ef6e70a4b9fdeec!2sEnjoy%20Salou!5e0!3m2!1ses!2ses!4v1643285111988!5m2!1ses!2ses\" width=\"100%\" height=\"450\" style=\"border:0;\" allowfullscreen=\"\" loading=\"lazy\"><\/iframe>\n\n\n\n<p>Calle Murillo, 4, Salou \u2013 Tarragone<br\/><a href=\"tel:877%2000%2012%2014\"><strong>877 00 12 14<\/strong><\/a><\/p>\n\n\n\n<p><a href=\"mov:635141679\"><strong>+34 635 14 16 79<\/strong><\/a><br\/><a href=\"mailto:info@enjoysalou.com\">info@enjoysalou.com<\/a><\/p>\n<\/div>\n<\/div>\n<\/div><\/div>\n","protected":false},"excerpt":{"rendered":"","protected":false},"author":1,"featured_media":0,"parent":0,"menu_order":0,"comment_status":"closed","ping_status":"closed","template":"","meta":{"footnotes":""},"class_list":["post-1372","page","type-page","status-publish","hentry","no-post-thumbnail"],"yoast_head":"<!-- This site is optimized with the Yoast SEO plugin v25.0 - https:\/\/yoast.com\/wordpress\/plugins\/seo\/ -->\n<title>Contact - Enjoy Salou, la discoteca en Salou m\u00e1s emblem\u00e1tica de la Costa Dorada<\/title>\n<meta name=\"robots\" content=\"index, follow, max-snippet:-1, max-image-preview:large, max-video-preview:-1\" \/>\n<link rel=\"canonical\" href=\"https:\/\/enjoysalou.com\/fr\/contact\/\" \/>\n<meta property=\"og:locale\" content=\"fr_FR\" \/>\n<meta property=\"og:type\" content=\"article\" \/>\n<meta property=\"og:title\" content=\"Contact - Enjoy Salou, la discoteca en Salou m\u00e1s emblem\u00e1tica de la Costa Dorada\" \/>\n<meta property=\"og:url\" content=\"https:\/\/enjoysalou.com\/fr\/contact\/\" \/>\n<meta property=\"og:site_name\" content=\"Enjoy Salou, la discoteca en Salou m\u00e1s emblem\u00e1tica de la Costa Dorada\" \/>\n<meta property=\"article:modified_time\" content=\"2022-04-04T10:02:55+00:00\" \/>\n<meta name=\"twitter:card\" content=\"summary_large_image\" \/>\n<script type=\"application\/ld+json\" class=\"yoast-schema-graph\">{\"@context\":\"https:\/\/schema.org\",\"@graph\":[{\"@type\":\"WebPage\",\"@id\":\"https:\/\/enjoysalou.com\/fr\/contact\/\",\"url\":\"https:\/\/enjoysalou.com\/fr\/contact\/\",\"name\":\"Contact - Enjoy Salou, la discoteca en Salou m\u00e1s emblem\u00e1tica de la Costa Dorada\",\"isPartOf\":{\"@id\":\"https:\/\/enjoysalou.com\/#website\"},\"datePublished\":\"2022-01-27T12:11:47+00:00\",\"dateModified\":\"2022-04-04T10:02:55+00:00\",\"breadcrumb\":{\"@id\":\"https:\/\/enjoysalou.com\/fr\/contact\/#breadcrumb\"},\"inLanguage\":\"fr-FR\",\"potentialAction\":[{\"@type\":\"ReadAction\",\"target\":[\"https:\/\/enjoysalou.com\/fr\/contact\/\"]}]},{\"@type\":\"BreadcrumbList\",\"@id\":\"https:\/\/enjoysalou.com\/fr\/contact\/#breadcrumb\",\"itemListElement\":[{\"@type\":\"ListItem\",\"position\":1,\"name\":\"Home\",\"item\":\"https:\/\/enjoysalou.com\/fr\/\"},{\"@type\":\"ListItem\",\"position\":2,\"name\":\"Contact\"}]},{\"@type\":\"WebSite\",\"@id\":\"https:\/\/enjoysalou.com\/#website\",\"url\":\"https:\/\/enjoysalou.com\/\",\"name\":\"Enjoy Salou, la discoteca en Salou m\u00e1s emblem\u00e1tica de la Costa Dorada\",\"description\":\"La Discoteca m\u00e1s emblem\u00e1tica de Salou y de la Costa Dorada, Enjoy Salou!\",\"publisher\":{\"@id\":\"https:\/\/enjoysalou.com\/#organization\"},\"potentialAction\":[{\"@type\":\"SearchAction\",\"target\":{\"@type\":\"EntryPoint\",\"urlTemplate\":\"https:\/\/enjoysalou.com\/?s={search_term_string}\"},\"query-input\":{\"@type\":\"PropertyValueSpecification\",\"valueRequired\":true,\"valueName\":\"search_term_string\"}}],\"inLanguage\":\"fr-FR\"},{\"@type\":\"Organization\",\"@id\":\"https:\/\/enjoysalou.com\/#organization\",\"name\":\"Enjoy Salou, la discoteca en Salou m\u00e1s emblem\u00e1tica de la Costa Dorada\",\"url\":\"https:\/\/enjoysalou.com\/\",\"logo\":{\"@type\":\"ImageObject\",\"inLanguage\":\"fr-FR\",\"@id\":\"https:\/\/enjoysalou.com\/#\/schema\/logo\/image\/\",\"url\":\"https:\/\/enjoysalou.com\/wp-content\/uploads\/2022\/02\/logotipo_EnjoySalou.png\",\"contentUrl\":\"https:\/\/enjoysalou.com\/wp-content\/uploads\/2022\/02\/logotipo_EnjoySalou.png\",\"width\":271,\"height\":59,\"caption\":\"Enjoy Salou, la discoteca en Salou m\u00e1s emblem\u00e1tica de la Costa Dorada\"},\"image\":{\"@id\":\"https:\/\/enjoysalou.com\/#\/schema\/logo\/image\/\"}}]}<\/script>\n<!-- \/ Yoast SEO plugin. -->","yoast_head_json":{"title":"Contact - Enjoy Salou, la discoteca en Salou m\u00e1s emblem\u00e1tica de la Costa Dorada","robots":{"index":"index","follow":"follow","max-snippet":"max-snippet:-1","max-image-preview":"max-image-preview:large","max-video-preview":"max-video-preview:-1"},"canonical":"https:\/\/enjoysalou.com\/fr\/contact\/","og_locale":"fr_FR","og_type":"article","og_title":"Contact - Enjoy Salou, la discoteca en Salou m\u00e1s emblem\u00e1tica de la Costa Dorada","og_url":"https:\/\/enjoysalou.com\/fr\/contact\/","og_site_name":"Enjoy Salou, la discoteca en Salou m\u00e1s emblem\u00e1tica de la Costa Dorada","article_modified_time":"2022-04-04T10:02:55+00:00","twitter_card":"summary_large_image","schema":{"@context":"https:\/\/schema.org","@graph":[{"@type":"WebPage","@id":"https:\/\/enjoysalou.com\/fr\/contact\/","url":"https:\/\/enjoysalou.com\/fr\/contact\/","name":"Contact - Enjoy Salou, la discoteca en Salou m\u00e1s emblem\u00e1tica de la Costa Dorada","isPartOf":{"@id":"https:\/\/enjoysalou.com\/#website"},"datePublished":"2022-01-27T12:11:47+00:00","dateModified":"2022-04-04T10:02:55+00:00","breadcrumb":{"@id":"https:\/\/enjoysalou.com\/fr\/contact\/#breadcrumb"},"inLanguage":"fr-FR","potentialAction":[{"@type":"ReadAction","target":["https:\/\/enjoysalou.com\/fr\/contact\/"]}]},{"@type":"BreadcrumbList","@id":"https:\/\/enjoysalou.com\/fr\/contact\/#breadcrumb","itemListElement":[{"@type":"ListItem","position":1,"name":"Home","item":"https:\/\/enjoysalou.com\/fr\/"},{"@type":"ListItem","position":2,"name":"Contact"}]},{"@type":"WebSite","@id":"https:\/\/enjoysalou.com\/#website","url":"https:\/\/enjoysalou.com\/","name":"Enjoy Salou, la discoteca en Salou m\u00e1s emblem\u00e1tica de la Costa Dorada","description":"La Discoteca m\u00e1s emblem\u00e1tica de Salou y de la Costa Dorada, Enjoy Salou!","publisher":{"@id":"https:\/\/enjoysalou.com\/#organization"},"potentialAction":[{"@type":"SearchAction","target":{"@type":"EntryPoint","urlTemplate":"https:\/\/enjoysalou.com\/?s={search_term_string}"},"query-input":{"@type":"PropertyValueSpecification","valueRequired":true,"valueName":"search_term_string"}}],"inLanguage":"fr-FR"},{"@type":"Organization","@id":"https:\/\/enjoysalou.com\/#organization","name":"Enjoy Salou, la discoteca en Salou m\u00e1s emblem\u00e1tica de la Costa Dorada","url":"https:\/\/enjoysalou.com\/","logo":{"@type":"ImageObject","inLanguage":"fr-FR","@id":"https:\/\/enjoysalou.com\/#\/schema\/logo\/image\/","url":"https:\/\/enjoysalou.com\/wp-content\/uploads\/2022\/02\/logotipo_EnjoySalou.png","contentUrl":"https:\/\/enjoysalou.com\/wp-content\/uploads\/2022\/02\/logotipo_EnjoySalou.png","width":271,"height":59,"caption":"Enjoy Salou, la discoteca en Salou m\u00e1s emblem\u00e1tica de la Costa Dorada"},"image":{"@id":"https:\/\/enjoysalou.com\/#\/schema\/logo\/image\/"}}]}},"_links":{"self":[{"href":"https:\/\/enjoysalou.com\/fr\/wp-json\/wp\/v2\/pages\/1372","targetHints":{"allow":["GET"]}}],"collection":[{"href":"https:\/\/enjoysalou.com\/fr\/wp-json\/wp\/v2\/pages"}],"about":[{"href":"https:\/\/enjoysalou.com\/fr\/wp-json\/wp\/v2\/types\/page"}],"author":[{"embeddable":true,"href":"https:\/\/enjoysalou.com\/fr\/wp-json\/wp\/v2\/users\/1"}],"replies":[{"embeddable":true,"href":"https:\/\/enjoysalou.com\/fr\/wp-json\/wp\/v2\/comments?post=1372"}],"version-history":[{"count":0,"href":"https:\/\/enjoysalou.com\/fr\/wp-json\/wp\/v2\/pages\/1372\/revisions"}],"wp:attachment":[{"href":"https:\/\/enjoysalou.com\/fr\/wp-json\/wp\/v2\/media?parent=1372"}],"curies":[{"name":"wp","href":"https:\/\/api.w.org\/{rel}","templated":true}]}}