{"id":173123,"date":"2025-05-09T11:48:41","date_gmt":"2025-05-09T09:48:41","guid":{"rendered":"https:\/\/enjoysalou.com\/enjoy-presentation\/"},"modified":"2025-05-09T11:48:41","modified_gmt":"2025-05-09T09:48:41","slug":"enjoy-presentation","status":"publish","type":"page","link":"https:\/\/enjoysalou.com\/en\/enjoy-presentation\/","title":{"rendered":"Enjoy Presentation"},"content":{"rendered":"\n<script src=\"https:\/\/www.fourvenues.com\/assets\/iframe\/enjoy-salou\/events\"><\/script>\n\n\n\n<div class=\"wp-block-cover alignfull\" style=\"padding-top:40px;padding-right:40px;padding-bottom:40px;padding-left:40px\"><span aria-hidden=\"true\" class=\"wp-block-cover__background has-main-background-color has-background-dim-100 has-background-dim\"><\/span><div class=\"wp-block-cover__inner-container is-layout-flow wp-block-cover-is-layout-flow\">\n<p class=\"has-font-color has-text-color has-large-font-size\">Located in the liveliest area of<strong> Salou<\/strong>, enjoysalou is a place designed and created to offer its audience the maximum <strong>fun and comfort<\/strong>.<br>Inside we can highlight its <strong>central bar in elliptical shape<\/strong> that allows us to have a wide view of the whole place from anywhere.  <\/p>\n\n\n\n<p>The incredible performances of our <strong>gogos and waiters<\/strong>, make the nights of enjoysalou unique and unforgettable, thanks to the most casual and fun atmosphere of the <strong>Costa Dorada<\/strong>.<br>We emphasize the <strong>good treatment<\/strong> to our customers, that more than customers are friends, so we strive to offer maximum fun with the best music by our <strong>resident diskjockey<\/strong>.<br>Today thanks to the team that has put at your service their great experience we can say that we are one of the <strong>best places in Salou<\/strong> and of course, thanks to you.<\/p>\n<\/div><\/div>\n\n\n\n<figure class=\"wp-block-gallery alignfull has-nested-images columns-4 is-cropped wp-block-gallery-1 is-layout-flex wp-block-gallery-is-layout-flex\">\n<figure class=\"wp-block-image size-large\"><img decoding=\"async\" width=\"2560\" height=\"2560\" data-id=\"174\" src=\"https:\/\/enjoysalou.com\/NUEVA\/wp-content\/uploads\/2022\/01\/P1050886-scaled.jpg\" alt=\"\" class=\"wp-image-174 no-lazyload\" srcset=\"https:\/\/enjoysalou.com\/wp-content\/uploads\/2022\/01\/P1050886-scaled.jpg 2560w, https:\/\/enjoysalou.com\/wp-content\/uploads\/2022\/01\/P1050886-scaled-300x300.jpg 300w, https:\/\/enjoysalou.com\/wp-content\/uploads\/2022\/01\/P1050886-scaled-1024x1024.jpg 1024w, https:\/\/enjoysalou.com\/wp-content\/uploads\/2022\/01\/P1050886-scaled-150x150.jpg 150w, https:\/\/enjoysalou.com\/wp-content\/uploads\/2022\/01\/P1050886-scaled-768x768.jpg 768w, https:\/\/enjoysalou.com\/wp-content\/uploads\/2022\/01\/P1050886-scaled-1536x1536.jpg 1536w, https:\/\/enjoysalou.com\/wp-content\/uploads\/2022\/01\/P1050886-scaled-2048x2048.jpg 2048w, https:\/\/enjoysalou.com\/wp-content\/uploads\/2022\/01\/P1050886-scaled-855x855.jpg 855w, https:\/\/enjoysalou.com\/wp-content\/uploads\/2022\/01\/P1050886-scaled-800x800.jpg 800w, https:\/\/enjoysalou.com\/wp-content\/uploads\/2022\/01\/P1050886-scaled-600x600.jpg 600w, https:\/\/enjoysalou.com\/wp-content\/uploads\/2022\/01\/P1050886-scaled-100x100.jpg 100w\" sizes=\"(max-width: 2560px) 100vw, 2560px\" \/><\/figure>\n\n\n\n<figure class=\"wp-block-image size-large\"><img decoding=\"async\" width=\"2560\" height=\"2560\" data-id=\"175\" src=\"https:\/\/enjoysalou.com\/NUEVA\/wp-content\/uploads\/2022\/01\/P1050904-scaled.jpg\" alt=\"\" class=\"wp-image-175 no-lazyload\" srcset=\"https:\/\/enjoysalou.com\/wp-content\/uploads\/2022\/01\/P1050904-scaled.jpg 2560w, https:\/\/enjoysalou.com\/wp-content\/uploads\/2022\/01\/P1050904-scaled-300x300.jpg 300w, https:\/\/enjoysalou.com\/wp-content\/uploads\/2022\/01\/P1050904-scaled-1024x1024.jpg 1024w, https:\/\/enjoysalou.com\/wp-content\/uploads\/2022\/01\/P1050904-scaled-150x150.jpg 150w, https:\/\/enjoysalou.com\/wp-content\/uploads\/2022\/01\/P1050904-scaled-768x768.jpg 768w, https:\/\/enjoysalou.com\/wp-content\/uploads\/2022\/01\/P1050904-scaled-1536x1536.jpg 1536w, https:\/\/enjoysalou.com\/wp-content\/uploads\/2022\/01\/P1050904-scaled-2048x2048.jpg 2048w, https:\/\/enjoysalou.com\/wp-content\/uploads\/2022\/01\/P1050904-scaled-855x855.jpg 855w, https:\/\/enjoysalou.com\/wp-content\/uploads\/2022\/01\/P1050904-scaled-800x800.jpg 800w, https:\/\/enjoysalou.com\/wp-content\/uploads\/2022\/01\/P1050904-scaled-600x600.jpg 600w, https:\/\/enjoysalou.com\/wp-content\/uploads\/2022\/01\/P1050904-scaled-100x100.jpg 100w\" sizes=\"(max-width: 2560px) 100vw, 2560px\" \/><\/figure>\n\n\n\n<figure class=\"wp-block-image size-large\"><img decoding=\"async\" width=\"2560\" height=\"2560\" data-id=\"125\" src=\"https:\/\/enjoysalou.com\/NUEVA\/wp-content\/uploads\/2022\/01\/P1050909-scaled.jpg\" alt=\"\" class=\"wp-image-125 no-lazyload\" srcset=\"https:\/\/enjoysalou.com\/wp-content\/uploads\/2022\/01\/P1050909-scaled.jpg 2560w, https:\/\/enjoysalou.com\/wp-content\/uploads\/2022\/01\/P1050909-scaled-300x300.jpg 300w, https:\/\/enjoysalou.com\/wp-content\/uploads\/2022\/01\/P1050909-scaled-1024x1024.jpg 1024w, https:\/\/enjoysalou.com\/wp-content\/uploads\/2022\/01\/P1050909-scaled-150x150.jpg 150w, https:\/\/enjoysalou.com\/wp-content\/uploads\/2022\/01\/P1050909-scaled-768x768.jpg 768w, https:\/\/enjoysalou.com\/wp-content\/uploads\/2022\/01\/P1050909-scaled-1536x1536.jpg 1536w, https:\/\/enjoysalou.com\/wp-content\/uploads\/2022\/01\/P1050909-scaled-2048x2048.jpg 2048w, https:\/\/enjoysalou.com\/wp-content\/uploads\/2022\/01\/P1050909-scaled-855x855.jpg 855w, https:\/\/enjoysalou.com\/wp-content\/uploads\/2022\/01\/P1050909-scaled-800x800.jpg 800w, https:\/\/enjoysalou.com\/wp-content\/uploads\/2022\/01\/P1050909-scaled-600x600.jpg 600w, https:\/\/enjoysalou.com\/wp-content\/uploads\/2022\/01\/P1050909-scaled-100x100.jpg 100w\" sizes=\"(max-width: 2560px) 100vw, 2560px\" \/><\/figure>\n\n\n\n<figure class=\"wp-block-image size-large\"><img decoding=\"async\" width=\"2560\" height=\"2560\" data-id=\"191\" src=\"https:\/\/enjoysalou.com\/NUEVA\/wp-content\/uploads\/2022\/01\/P1060415-scaled.jpg\" alt=\"\" class=\"wp-image-191 no-lazyload\" srcset=\"https:\/\/enjoysalou.com\/wp-content\/uploads\/2022\/01\/P1060415-scaled.jpg 2560w, https:\/\/enjoysalou.com\/wp-content\/uploads\/2022\/01\/P1060415-scaled-300x300.jpg 300w, https:\/\/enjoysalou.com\/wp-content\/uploads\/2022\/01\/P1060415-scaled-1024x1024.jpg 1024w, https:\/\/enjoysalou.com\/wp-content\/uploads\/2022\/01\/P1060415-scaled-150x150.jpg 150w, https:\/\/enjoysalou.com\/wp-content\/uploads\/2022\/01\/P1060415-scaled-768x768.jpg 768w, https:\/\/enjoysalou.com\/wp-content\/uploads\/2022\/01\/P1060415-scaled-1536x1536.jpg 1536w, https:\/\/enjoysalou.com\/wp-content\/uploads\/2022\/01\/P1060415-scaled-2048x2048.jpg 2048w, https:\/\/enjoysalou.com\/wp-content\/uploads\/2022\/01\/P1060415-scaled-855x855.jpg 855w, https:\/\/enjoysalou.com\/wp-content\/uploads\/2022\/01\/P1060415-scaled-800x800.jpg 800w, https:\/\/enjoysalou.com\/wp-content\/uploads\/2022\/01\/P1060415-scaled-600x600.jpg 600w, https:\/\/enjoysalou.com\/wp-content\/uploads\/2022\/01\/P1060415-scaled-100x100.jpg 100w\" sizes=\"(max-width: 2560px) 100vw, 2560px\" \/><\/figure>\n<\/figure>\n\n\n\n<div class=\"wp-block-columns alignfull has-light-color has-dark-muted-background-color has-text-color has-background is-layout-flex wp-container-core-columns-is-layout-d3dac217 wp-block-columns-is-layout-flex\" style=\"padding-top:40px;padding-right:40px;padding-bottom:40px;padding-left:40px\">\n<div class=\"wp-block-column is-layout-flow wp-block-column-is-layout-flow\">\n<h2 class=\"wp-block-heading is-style-decor3 has-main-color has-text-color\" id=\"vip-zone\">VIP-ZONE<\/h2>\n\n\n\n<p>The <strong>VIP area<\/strong> has comfortable seating with tables and armchairs where you can enjoy with your friends or partner delicious cocktails or special bottles.<br>If you want to reserve a VIP table, please contact us through our form, calling our phone number or sending us an email to; <strong>info@enjoysalou.com<\/strong>.<\/p>\n<\/div>\n\n\n\n<div class=\"wp-block-column is-layout-flow wp-block-column-is-layout-flow\">\n<h2 class=\"wp-block-heading is-style-decor3 has-main-color has-text-color\" id=\"terrace\">TERRACE<\/h2>\n\n\n\n<p>Our <strong>outdoor terrace<\/strong> has separate areas with different options to enjoy good music and our specialized bartender who will serve you at an outdoor bar where you can enjoy delicious drinks.<\/p>\n<\/div>\n\n\n\n<div class=\"wp-block-column is-layout-flow wp-block-column-is-layout-flow\">\n<h2 class=\"wp-block-heading is-style-decor3 has-main-color has-text-color\" id=\"main-room\">MAIN ROOM<\/h2>\n\n\n\n<p>The&nbsp;The <strong>dance floor<\/strong> inside the premises has a large dance floor with an elliptical bar in its center. Dance, enjoy and come to the DJ booth to receive all the incredible sensations of the nights that Enjoy Salou offers you.<\/p>\n<\/div>\n<\/div>\n\n\n\n<div class=\"wp-block-cover alignfull\" style=\"padding-top:40px;padding-right:40px;padding-bottom:40px;padding-left:40px\"><span aria-hidden=\"true\" class=\"wp-block-cover__background has-main-background-color has-background-dim-100 has-background-dim\"><\/span><div class=\"wp-block-cover__inner-container is-layout-flow wp-block-cover-is-layout-flow\">\n<h1 class=\"wp-block-heading has-text-align-center mt-3 mb-05 is-style-decor3 has-light-color has-font-background-color has-text-color has-background\" id=\"lorem-ipsum\">ENJOY CONTACT<\/h1>\n\n\n\n<p class=\"has-text-align-center has-dark-muted-color has-text-color has-large-font-size\">You can contact us through our email; info@enjoysalou.com, our social networks, the telephone number; 877 00 12 14 or by filling out this contact form<\/p>\n\n\n\n<div class=\"wp-block-columns is-layout-flex wp-container-core-columns-is-layout-9d6595d7 wp-block-columns-is-layout-flex\">\n<div class=\"wp-block-column is-layout-flow wp-block-column-is-layout-flow\">\n<h1 class=\"wp-block-heading has-text-align-center mt-3 mb-05 is-style-decor3 has-main-color has-font-background-color has-text-color has-background has-normal-font-size\" id=\"lorem-ipsum\">ENJOY FORM<\/h1>\n\n\n\n<div class=\"wpcf7 no-js\" id=\"wpcf7-f212-o1\" lang=\"es-ES\" dir=\"ltr\" data-wpcf7-id=\"212\">\n<div class=\"screen-reader-response\"><p role=\"status\" aria-live=\"polite\" aria-atomic=\"true\"><\/p> <ul><\/ul><\/div>\n<form action=\"\/en\/wp-json\/wp\/v2\/pages\/173123#wpcf7-f212-o1\" method=\"post\" class=\"wpcf7-form init\" aria-label=\"Formulario de contacto\" novalidate=\"novalidate\" data-status=\"init\">\n<div style=\"display: none;\">\n<input type=\"hidden\" name=\"_wpcf7\" value=\"212\" \/>\n<input type=\"hidden\" name=\"_wpcf7_version\" value=\"6.0.6\" \/>\n<input type=\"hidden\" name=\"_wpcf7_locale\" value=\"es_ES\" \/>\n<input type=\"hidden\" name=\"_wpcf7_unit_tag\" value=\"wpcf7-f212-o1\" \/>\n<input type=\"hidden\" name=\"_wpcf7_container_post\" value=\"0\" \/>\n<input type=\"hidden\" name=\"_wpcf7_posted_data_hash\" value=\"\" \/>\n<input type=\"hidden\" name=\"_wpcf7_recaptcha_response\" value=\"\" \/>\n<\/div>\n<p><label> Nombre<br \/>\n<span class=\"wpcf7-form-control-wrap\" data-name=\"your-name\"><input size=\"40\" maxlength=\"400\" class=\"wpcf7-form-control wpcf7-text wpcf7-validates-as-required\" aria-required=\"true\" aria-invalid=\"false\" value=\"\" type=\"text\" name=\"your-name\" \/><\/span> <\/label>\n<\/p>\n<p><label> E-mail<br \/>\n<span class=\"wpcf7-form-control-wrap\" data-name=\"your-email\"><input size=\"40\" maxlength=\"400\" class=\"wpcf7-form-control wpcf7-email wpcf7-validates-as-required wpcf7-text wpcf7-validates-as-email\" aria-required=\"true\" aria-invalid=\"false\" value=\"\" type=\"email\" name=\"your-email\" \/><\/span> <\/label>\n<\/p>\n<p><label> Tel\u00e9fono<br \/>\n<span class=\"wpcf7-form-control-wrap\" data-name=\"tel-528\"><input size=\"40\" maxlength=\"400\" class=\"wpcf7-form-control wpcf7-tel wpcf7-text wpcf7-validates-as-tel\" aria-invalid=\"false\" value=\"\" type=\"tel\" name=\"tel-528\" \/><\/span> <\/label>\n<\/p>\n<p><label> Asunto<br \/>\n<span class=\"wpcf7-form-control-wrap\" data-name=\"your-subject\"><input size=\"40\" maxlength=\"400\" class=\"wpcf7-form-control wpcf7-text wpcf7-validates-as-required\" aria-required=\"true\" aria-invalid=\"false\" value=\"\" type=\"text\" name=\"your-subject\" \/><\/span> <\/label>\n<\/p>\n<p><label> Mensaje<br \/>\n<span class=\"wpcf7-form-control-wrap\" data-name=\"your-message\"><textarea cols=\"40\" rows=\"10\" maxlength=\"2000\" class=\"wpcf7-form-control wpcf7-textarea\" aria-invalid=\"false\" name=\"your-message\"><\/textarea><\/span> <\/label>\n<\/p>\n<p><input class=\"wpcf7-form-control wpcf7-submit has-spinner\" type=\"submit\" value=\"Enviar\" \/>\n<\/p><div class=\"wpcf7-response-output\" aria-hidden=\"true\"><\/div>\n<\/form>\n<\/div>\n\n<\/div>\n\n\n\n<div class=\"wp-block-column has-light-color has-text-color is-layout-flow wp-block-column-is-layout-flow\">\n<h1 class=\"wp-block-heading has-text-align-center mt-3 mb-05 is-style-decor3 has-main-color has-font-background-color has-text-color has-background has-normal-font-size\" id=\"lorem-ipsum\">ENJOY LOCATION<\/h1>\n\n\n\n<iframe src=\"https:\/\/www.google.com\/maps\/embed?pb=!1m14!1m8!1m3!1d12031.352721371706!2d1.1501679!3d41.0725297!3m2!1i1024!2i768!4f13.1!3m3!1m2!1s0x0%3A0x3ef6e70a4b9fdeec!2sEnjoy%20Salou!5e0!3m2!1ses!2ses!4v1643285111988!5m2!1ses!2ses\" width=\"100%\" height=\"450\" style=\"border:0;\" allowfullscreen=\"\" loading=\"lazy\"><\/iframe>\n\n\n\n<p>Murillo Street, 4, Salou &#8211; Tarragona<br><a href=\"tel:877%2000%2012%2014\"><strong>877 00 12 14<\/strong><\/a><\/p>\n\n\n\n<p><a href=\"mov:635141679\"><strong>+34 635 14 16 79<\/strong><\/a><br><a href=\"mailto:info@enjoysalou.com\">info@enjoysalou.com<\/a><\/p>\n<\/div>\n<\/div>\n<\/div><\/div>\n","protected":false},"excerpt":{"rendered":"<p>VIP-ZONE The VIP area has comfortable seating with tables and armchairs where you can enjoy with your friends or partner<span class=\"more-dots\">&#8230;<\/span><\/p>\n","protected":false},"author":1,"featured_media":0,"parent":0,"menu_order":0,"comment_status":"closed","ping_status":"closed","template":"","meta":{"footnotes":""},"class_list":["post-173123","page","type-page","status-publish","hentry","no-post-thumbnail"],"yoast_head":"<!-- This site is optimized with the Yoast SEO plugin v25.0 - https:\/\/yoast.com\/wordpress\/plugins\/seo\/ -->\n<title>Enjoy Presentation - Enjoy Salou, la discoteca en Salou m\u00e1s emblem\u00e1tica de la Costa Dorada<\/title>\n<meta name=\"robots\" content=\"index, follow, max-snippet:-1, max-image-preview:large, max-video-preview:-1\" \/>\n<link rel=\"canonical\" href=\"https:\/\/enjoysalou.com\/enjoy-presentation\/\" \/>\n<meta property=\"og:locale\" content=\"en_US\" \/>\n<meta property=\"og:type\" content=\"article\" \/>\n<meta property=\"og:title\" content=\"Enjoy Presentation - Enjoy Salou, la discoteca en Salou m\u00e1s emblem\u00e1tica de la Costa Dorada\" \/>\n<meta property=\"og:description\" content=\"VIP-ZONE The VIP area has comfortable seating with tables and armchairs where you can enjoy with your friends or partner...\" \/>\n<meta property=\"og:url\" content=\"https:\/\/enjoysalou.com\/enjoy-presentation\/\" \/>\n<meta property=\"og:site_name\" content=\"Enjoy Salou, la discoteca en Salou m\u00e1s emblem\u00e1tica de la Costa Dorada\" \/>\n<meta property=\"og:image\" content=\"https:\/\/enjoysalou.com\/wp-content\/uploads\/2022\/01\/P1050886-scaled.jpg\" \/>\n\t<meta property=\"og:image:width\" content=\"2560\" \/>\n\t<meta property=\"og:image:height\" content=\"2560\" \/>\n\t<meta property=\"og:image:type\" content=\"image\/jpeg\" \/>\n<meta name=\"twitter:card\" content=\"summary_large_image\" \/>\n<meta name=\"twitter:label1\" content=\"Est. reading time\" \/>\n\t<meta name=\"twitter:data1\" content=\"2 minutes\" \/>\n<script type=\"application\/ld+json\" class=\"yoast-schema-graph\">{\"@context\":\"https:\/\/schema.org\",\"@graph\":[{\"@type\":\"WebPage\",\"@id\":\"https:\/\/enjoysalou.com\/enjoy-presentation\/\",\"url\":\"https:\/\/enjoysalou.com\/enjoy-presentation\/\",\"name\":\"Enjoy Presentation - Enjoy Salou, la discoteca en Salou m\u00e1s emblem\u00e1tica de la Costa Dorada\",\"isPartOf\":{\"@id\":\"https:\/\/enjoysalou.com\/#website\"},\"primaryImageOfPage\":{\"@id\":\"https:\/\/enjoysalou.com\/enjoy-presentation\/#primaryimage\"},\"image\":{\"@id\":\"https:\/\/enjoysalou.com\/enjoy-presentation\/#primaryimage\"},\"thumbnailUrl\":\"https:\/\/enjoysalou.com\/NUEVA\/wp-content\/uploads\/2022\/01\/P1050886-scaled.jpg\",\"datePublished\":\"2025-05-09T09:48:41+00:00\",\"breadcrumb\":{\"@id\":\"https:\/\/enjoysalou.com\/enjoy-presentation\/#breadcrumb\"},\"inLanguage\":\"en-US\",\"potentialAction\":[{\"@type\":\"ReadAction\",\"target\":[\"https:\/\/enjoysalou.com\/enjoy-presentation\/\"]}]},{\"@type\":\"ImageObject\",\"inLanguage\":\"en-US\",\"@id\":\"https:\/\/enjoysalou.com\/enjoy-presentation\/#primaryimage\",\"url\":\"https:\/\/enjoysalou.com\/NUEVA\/wp-content\/uploads\/2022\/01\/P1050886-scaled.jpg\",\"contentUrl\":\"https:\/\/enjoysalou.com\/NUEVA\/wp-content\/uploads\/2022\/01\/P1050886-scaled.jpg\"},{\"@type\":\"BreadcrumbList\",\"@id\":\"https:\/\/enjoysalou.com\/enjoy-presentation\/#breadcrumb\",\"itemListElement\":[{\"@type\":\"ListItem\",\"position\":1,\"name\":\"Home\",\"item\":\"https:\/\/enjoysalou.com\/en\/\"},{\"@type\":\"ListItem\",\"position\":2,\"name\":\"Enjoy Presentation\"}]},{\"@type\":\"WebSite\",\"@id\":\"https:\/\/enjoysalou.com\/#website\",\"url\":\"https:\/\/enjoysalou.com\/\",\"name\":\"Enjoy Salou, la discoteca en Salou m\u00e1s emblem\u00e1tica de la Costa Dorada\",\"description\":\"La Discoteca m\u00e1s emblem\u00e1tica de Salou y de la Costa Dorada, Enjoy Salou!\",\"publisher\":{\"@id\":\"https:\/\/enjoysalou.com\/#organization\"},\"potentialAction\":[{\"@type\":\"SearchAction\",\"target\":{\"@type\":\"EntryPoint\",\"urlTemplate\":\"https:\/\/enjoysalou.com\/?s={search_term_string}\"},\"query-input\":{\"@type\":\"PropertyValueSpecification\",\"valueRequired\":true,\"valueName\":\"search_term_string\"}}],\"inLanguage\":\"en-US\"},{\"@type\":\"Organization\",\"@id\":\"https:\/\/enjoysalou.com\/#organization\",\"name\":\"Enjoy Salou, la discoteca en Salou m\u00e1s emblem\u00e1tica de la Costa Dorada\",\"url\":\"https:\/\/enjoysalou.com\/\",\"logo\":{\"@type\":\"ImageObject\",\"inLanguage\":\"en-US\",\"@id\":\"https:\/\/enjoysalou.com\/#\/schema\/logo\/image\/\",\"url\":\"https:\/\/enjoysalou.com\/wp-content\/uploads\/2022\/02\/logotipo_EnjoySalou.png\",\"contentUrl\":\"https:\/\/enjoysalou.com\/wp-content\/uploads\/2022\/02\/logotipo_EnjoySalou.png\",\"width\":271,\"height\":59,\"caption\":\"Enjoy Salou, la discoteca en Salou m\u00e1s emblem\u00e1tica de la Costa Dorada\"},\"image\":{\"@id\":\"https:\/\/enjoysalou.com\/#\/schema\/logo\/image\/\"}}]}<\/script>\n<!-- \/ Yoast SEO plugin. -->","yoast_head_json":{"title":"Enjoy Presentation - Enjoy Salou, la discoteca en Salou m\u00e1s emblem\u00e1tica de la Costa Dorada","robots":{"index":"index","follow":"follow","max-snippet":"max-snippet:-1","max-image-preview":"max-image-preview:large","max-video-preview":"max-video-preview:-1"},"canonical":"https:\/\/enjoysalou.com\/enjoy-presentation\/","og_locale":"en_US","og_type":"article","og_title":"Enjoy Presentation - Enjoy Salou, la discoteca en Salou m\u00e1s emblem\u00e1tica de la Costa Dorada","og_description":"VIP-ZONE The VIP area has comfortable seating with tables and armchairs where you can enjoy with your friends or partner...","og_url":"https:\/\/enjoysalou.com\/enjoy-presentation\/","og_site_name":"Enjoy Salou, la discoteca en Salou m\u00e1s emblem\u00e1tica de la Costa Dorada","og_image":[{"width":2560,"height":2560,"url":"https:\/\/enjoysalou.com\/wp-content\/uploads\/2022\/01\/P1050886-scaled.jpg","type":"image\/jpeg"}],"twitter_card":"summary_large_image","twitter_misc":{"Est. reading time":"2 minutes"},"schema":{"@context":"https:\/\/schema.org","@graph":[{"@type":"WebPage","@id":"https:\/\/enjoysalou.com\/enjoy-presentation\/","url":"https:\/\/enjoysalou.com\/enjoy-presentation\/","name":"Enjoy Presentation - Enjoy Salou, la discoteca en Salou m\u00e1s emblem\u00e1tica de la Costa Dorada","isPartOf":{"@id":"https:\/\/enjoysalou.com\/#website"},"primaryImageOfPage":{"@id":"https:\/\/enjoysalou.com\/enjoy-presentation\/#primaryimage"},"image":{"@id":"https:\/\/enjoysalou.com\/enjoy-presentation\/#primaryimage"},"thumbnailUrl":"https:\/\/enjoysalou.com\/NUEVA\/wp-content\/uploads\/2022\/01\/P1050886-scaled.jpg","datePublished":"2025-05-09T09:48:41+00:00","breadcrumb":{"@id":"https:\/\/enjoysalou.com\/enjoy-presentation\/#breadcrumb"},"inLanguage":"en-US","potentialAction":[{"@type":"ReadAction","target":["https:\/\/enjoysalou.com\/enjoy-presentation\/"]}]},{"@type":"ImageObject","inLanguage":"en-US","@id":"https:\/\/enjoysalou.com\/enjoy-presentation\/#primaryimage","url":"https:\/\/enjoysalou.com\/NUEVA\/wp-content\/uploads\/2022\/01\/P1050886-scaled.jpg","contentUrl":"https:\/\/enjoysalou.com\/NUEVA\/wp-content\/uploads\/2022\/01\/P1050886-scaled.jpg"},{"@type":"BreadcrumbList","@id":"https:\/\/enjoysalou.com\/enjoy-presentation\/#breadcrumb","itemListElement":[{"@type":"ListItem","position":1,"name":"Home","item":"https:\/\/enjoysalou.com\/en\/"},{"@type":"ListItem","position":2,"name":"Enjoy Presentation"}]},{"@type":"WebSite","@id":"https:\/\/enjoysalou.com\/#website","url":"https:\/\/enjoysalou.com\/","name":"Enjoy Salou, la discoteca en Salou m\u00e1s emblem\u00e1tica de la Costa Dorada","description":"La Discoteca m\u00e1s emblem\u00e1tica de Salou y de la Costa Dorada, Enjoy Salou!","publisher":{"@id":"https:\/\/enjoysalou.com\/#organization"},"potentialAction":[{"@type":"SearchAction","target":{"@type":"EntryPoint","urlTemplate":"https:\/\/enjoysalou.com\/?s={search_term_string}"},"query-input":{"@type":"PropertyValueSpecification","valueRequired":true,"valueName":"search_term_string"}}],"inLanguage":"en-US"},{"@type":"Organization","@id":"https:\/\/enjoysalou.com\/#organization","name":"Enjoy Salou, la discoteca en Salou m\u00e1s emblem\u00e1tica de la Costa Dorada","url":"https:\/\/enjoysalou.com\/","logo":{"@type":"ImageObject","inLanguage":"en-US","@id":"https:\/\/enjoysalou.com\/#\/schema\/logo\/image\/","url":"https:\/\/enjoysalou.com\/wp-content\/uploads\/2022\/02\/logotipo_EnjoySalou.png","contentUrl":"https:\/\/enjoysalou.com\/wp-content\/uploads\/2022\/02\/logotipo_EnjoySalou.png","width":271,"height":59,"caption":"Enjoy Salou, la discoteca en Salou m\u00e1s emblem\u00e1tica de la Costa Dorada"},"image":{"@id":"https:\/\/enjoysalou.com\/#\/schema\/logo\/image\/"}}]}},"_links":{"self":[{"href":"https:\/\/enjoysalou.com\/en\/wp-json\/wp\/v2\/pages\/173123","targetHints":{"allow":["GET"]}}],"collection":[{"href":"https:\/\/enjoysalou.com\/en\/wp-json\/wp\/v2\/pages"}],"about":[{"href":"https:\/\/enjoysalou.com\/en\/wp-json\/wp\/v2\/types\/page"}],"author":[{"embeddable":true,"href":"https:\/\/enjoysalou.com\/en\/wp-json\/wp\/v2\/users\/1"}],"replies":[{"embeddable":true,"href":"https:\/\/enjoysalou.com\/en\/wp-json\/wp\/v2\/comments?post=173123"}],"version-history":[{"count":0,"href":"https:\/\/enjoysalou.com\/en\/wp-json\/wp\/v2\/pages\/173123\/revisions"}],"wp:attachment":[{"href":"https:\/\/enjoysalou.com\/en\/wp-json\/wp\/v2\/media?parent=173123"}],"curies":[{"name":"wp","href":"https:\/\/api.w.org\/{rel}","templated":true}]}}