{"id":1468,"date":"2022-01-28T15:15:40","date_gmt":"2022-01-28T15:15:40","guid":{"rendered":"https:\/\/enjoysalou.com\/legal-terms-and-conditions\/"},"modified":"2022-04-04T10:08:33","modified_gmt":"2022-04-04T10:08:33","slug":"legal-terms-and-conditions","status":"publish","type":"page","link":"https:\/\/enjoysalou.com\/en\/legal-terms-and-conditions\/","title":{"rendered":"Legal terms and conditions"},"content":{"rendered":"\n<blockquote class=\"wp-block-quote is-layout-flow wp-block-quote-is-layout-flow\"><p><strong>ACKNOWLEDGMENT AND ACCEPTANCE OF THE TERMS OF USE:<\/strong><\/p><\/blockquote>\n\n<p>Access to this website, its use and the purchase of any of the articles of <strong>enjoysalou.com<\/strong> presupposes the reading, knowledge and acceptance of these General Conditions, in the version published on this page, at the time the user accesses it.<\/p>\n\n<p>These <strong>General Conditions of Use<\/strong> may be modified in order to adapt them to the current legislation applicable at any time, so the User must carefully read this legal notice on each of the occasions in which the <strong>enjoysalou site is used. com<\/strong><\/p>\n\n<p>If you do not agree with them, please do not use <strong>enjoysalou.com<\/strong><\/p>\n\n<blockquote class=\"wp-block-quote is-layout-flow wp-block-quote-is-layout-flow\"><p><strong>SERVICE DESCRIPTION<\/strong><\/p><\/blockquote>\n\n<p>The services provided by <strong>enjoysalou.com<\/strong> are the sale of products at a distance through the Internet. The Holder makes available to the User the free web service for information and virtual showcase of the products. The prices of the products are fixed in each article and are visible before the acquisition of the product from our service.<\/p>\n\n<p>The prices shown in the <strong>enjoysalou.com<\/strong> service include 21% VAT. The prices reflected on the page are the final prices except typographical error. Discounted or discounted products are marked as such in a different color.<\/p>\n\n<p>All prices are expressed in Euros. <strong>enjoysalou.com<\/strong> reserves the right to modify the price of any product without prior notice.<\/p>\n\n<p>General and help information about the purchase, shipping costs, payment methods and returns can be viewed at the bottom of the website itself.<\/p>\n\n<p><strong>enjoysalou.com<\/strong> may, in the future, provide the User with new content, services, products or additional facilities, whether free or not, that increase the features available to the User.<\/p>\n\n<p>In turn, <strong>enjoysalou.com<\/strong> reserves the right to unilaterally cancel any of the contents, services or utilities incorporated into the <strong>enjoysalou.com<\/strong> service.<\/p>\n\n<p>If you need information or help regarding products, orders, shipments, returns, as well as for any suggestion you would like to make, you can contact us by writing to the email address:<\/p>\n\n<p><a href=\"mailto:info@enjoysalou.com\"><strong>info@enjoysalou.com<\/strong><\/a><\/p>\n\n<blockquote class=\"wp-block-quote is-layout-flow wp-block-quote-is-layout-flow\"><p><strong>PRODUCT WARRANTY<\/strong><\/p><\/blockquote>\n\n<p><strong>enjoysalou.com<\/strong> customers benefit from the guarantee given by the different manufacturers of each of the items.<\/p>\n\n<p>Defects or damage due to incorrect use or handling of the material or wear caused by normal use of the same, are not included in this guarantee. Decreases in the functionality of the articles, due to their design limitations, are also excluded from the coverage of this guarantee.<\/p>\n\n<blockquote class=\"wp-block-quote is-layout-flow wp-block-quote-is-layout-flow\"><p><strong>INTELLECTUAL PROPERTY RIGHTS OF THE WEB<\/strong><\/p><\/blockquote>\n\n<p>The user acknowledges and admits all the intellectual property rights of the content of this web page, its graphic design, its texts, its images and its source codes, are the exclusive property of <strong>enjoysalou.com<\/strong> , corresponding to us the exclusive exercise of the exploitation rights of the themselves.<\/p>\n\n<p>Its reproduction, distribution, public communication and transformation, in whole or in part, without the express authorization of <strong>enjoysalou.com<\/strong> is prohibited.<\/p>\n\n<p>Similarly, all trade names, images, trademarks or different signs of any kind contained on this website are protected by law.<\/p>\n\n<blockquote class=\"wp-block-quote is-layout-flow wp-block-quote-is-layout-flow\"><p><strong>EXTERNAL LINKS<\/strong><\/p><\/blockquote>\n\n<p>The establishment of the link does not necessarily imply the existence of relations between <strong>enjoysalou.com<\/strong> and the owner of the web page in which it is established, as well as the acceptance and approval by <strong>enjoysalou.com<\/strong> of its Content or Services. <strong>enjoysalou.com<\/strong> cannot be held responsible in any way for the content of these websites or for the measures they adopt regarding privacy or the processing of the User&#8217;s personal data.<\/p>\n\n<blockquote class=\"wp-block-quote is-layout-flow wp-block-quote-is-layout-flow\"><p><strong>PRIVACY POLICY<\/strong><\/p><\/blockquote>\n\n<p>The User declares that he fully accepts the Data Protection of the <strong>enjoysalou.com<\/strong> service that can be viewed on the <strong>enjoysalou.com<\/strong> website itself.<\/p>\n\n<blockquote class=\"wp-block-quote is-layout-flow wp-block-quote-is-layout-flow\"><p><strong>USE OF OUR PRODUCTS<\/strong><\/p><\/blockquote>\n\n<p><strong>enjoysalou.com<\/strong> is not responsible for the misuse of the products purchased through our website, being the sole responsibility of the person who acquires them.<\/p>\n\n<blockquote class=\"wp-block-quote is-layout-flow wp-block-quote-is-layout-flow\"><p><strong>CHANGES IN THE TERMS OF SERVICE<\/strong><\/p><\/blockquote>\n\n<p>The User accepts that <strong>enjoysalou.com<\/strong> may, when it deems it convenient, make corrections, improvements or modifications to the Information or the Services, without this giving rise to or right to any claim or compensation, nor does it imply recognition of any liability.<\/p>\n\n<p>The use of <strong>enjoysalou.com<\/strong> by the User will constitute a ratification of this document, with the modifications and changes that have been introduced.<\/p>\n\n<p>For the same reasons mentioned above, <strong>enjoysalou.com<\/strong> reserves the right to modify or interrupt the <strong>enjoysalou.com<\/strong> Service in whole or in part, with or without notification to the User.<\/p>\n\n<p><strong>enjoysalou.com<\/strong> will not be liable to the User or to third parties for having exercised their right to modify or interrupt the <strong>enjoysalou.com<\/strong> Service<\/p>\n\n<blockquote class=\"wp-block-quote is-layout-flow wp-block-quote-is-layout-flow\"><p><strong>DISCLAIMER<\/strong><\/p><\/blockquote>\n\n<p><strong>estenjoysalou.com<\/strong> does not assume any responsibility that may arise from technical problems or failures in the User&#8217;s computer equipment, not attributable to our Company, that occur during the connection to the Internet network, as well as for damages that may be caused by third parties through illegitimate interference beyond the control of <strong>enjoysalou.com<\/strong><\/p>\n\n<blockquote class=\"wp-block-quote is-layout-flow wp-block-quote-is-layout-flow\"><p><strong>NO RESALE OR COMMERCIAL USE OF THE SERVICE<\/strong><\/p><\/blockquote>\n\n<p>The use of the Service is personal to the User only. The User agrees not to assign or make any type of commercial use of the Service without the express consent of <strong>enjoysalou.com<\/strong><\/p>\n\n<blockquote class=\"wp-block-quote is-layout-flow wp-block-quote-is-layout-flow\"><p><strong>USERS<\/strong><\/p><\/blockquote>\n\n<p>The User is solely responsible for the content of the transmissions through the Service. The use of the service by the User is subject to local, provincial, regional, national and international laws and regulations.<\/p>\n\n<p>The User accepts:<\/p>\n\n<p>(1) not to use the Service for illicit purposes, nor those prohibited in this document.<\/p>\n\n<p>(2) not interfere with or disrupt network systems connected to the Service.<\/p>\n\n<p>(3) abide by all regulations, provisions and procedures of the network systems connected to the Service.<\/p>\n\n<p>The User will not hinder the use of the Service <strong>enjoysalou.com<\/strong> of another User or the use of similar services by another entity. <strong>enjoysalou.com<\/strong> may, at its own discretion, terminate the service <strong>enjoysalou.com<\/strong> immediately, if the user&#8217;s behavior is not in accordance with these terms and conditions.<\/p>\n\n<p>The User undertakes to use the page in accordance with the law and morals, and not to use it for illicit or criminal activities, or to violate the rights of third parties. In turn, the user agrees to enter true data.<\/p>\n\n<p>Despite this, <strong>enjoysalou.com<\/strong> reserves the right, at its discretion and in any type of circumstance, to cancel, eliminate or disallow the use of some or all the services of the page to any of its users, due to incorrect or improper use of the same, as detailed in these general conditions or in the particular conditions of each service.<\/p>\n\n<p> The User guarantees that the Personal Data provided to <strong>enjoysalou.com<\/strong> are true and is responsible for communicating any changes in them.<\/p>\n\n<p>The User will be solely responsible for any damage or loss, direct or indirect, that could be caused to <strong>enjoysalou.com<\/strong> or to any third party due to the completion of the forms with false, inaccurate, incomplete or outdated data.<\/p>\n\n<p>The User must not include personal data of third parties without their prior informed consent as established in this privacy policy, being solely responsible for their inclusion.<\/p>\n\n<blockquote class=\"wp-block-quote is-layout-flow wp-block-quote-is-layout-flow\"><p><strong>COMPENSATION<\/strong><\/p><\/blockquote>\n\n<p>The User agrees to indemnify and hold harmless <strong>enjoysalou.com<\/strong> and its subsidiaries from any claim or demand, including reasonable attorneys&#8217; fees, brought by third parties as a result of the use of the Service <strong>enjoysalou.com<\/strong> by the User, or for the violation by the User of what is established in this agreement, as well as for the violation by the User or another user of the Service <strong>enjoysalou.com<\/strong> through the User&#8217;s computer, of the intellectual, industrial property or any other right of a natural or legal person.<\/p>\n\n<blockquote class=\"wp-block-quote is-layout-flow wp-block-quote-is-layout-flow\"><p><strong>TERMINATION OF THE RELATIONSHIP<\/strong><\/p><\/blockquote>\n\n<p>Both the User and the Owner may terminate the Service at any time, without notice, with or without justification, and such decision will be effective immediately. The Holder will not be liable to the User or to third parties for the termination of the <strong>enjoysalou.com<\/strong> Service<\/p>\n\n<p>In case of disagreement of the User to any of the terms and conditions of this agreement or any of its modifications, or in case of not being satisfied with the <strong>enjoysalou.com<\/strong> Service, the only immediate recourse is:<\/p>\n\n<p>(1) stop using the service.<\/p>\n\n<p>(2) cancel your subscription to the Service.<\/p>\n\n<p>(3) notify <strong>enjoysalou.com<\/strong> of the termination.<\/p>\n\n<p>At the time of termination of the Service, the User&#8217;s rights to use the <strong>enjoysalou.com<\/strong> Service and the software cease immediately.<\/p>\n\n<blockquote class=\"wp-block-quote is-layout-flow wp-block-quote-is-layout-flow\"><p><strong>NOTIFICATIONS<\/strong><\/p><\/blockquote>\n\n<p>All notification between the parties must be made in writing and sent either by E-mail or by the postal system.<\/p>\n\n<p>The Holder may transmit notifications or messages through the Service in order to inform the User about the changes introduced in this agreement, the <strong>enjoysalou.com<\/strong> Service or other important issues.<\/p>\n\n<p>Said transmissions will be considered as notifications to the User. <strong><a href=\"mailto:info@enjoysalou.com\">info@enjoysalou.com<\/a><\/strong><\/p>\n\n<blockquote class=\"wp-block-quote is-layout-flow wp-block-quote-is-layout-flow\"><p><strong>APPLICABLE LAW AND JURISDICTION<\/strong><\/p><\/blockquote>\n\n<p>This agreement will be governed by Spanish Law, submitting the parties for any litigious issue arising from this agreement to the Courts and Tribunals of Salou (Spain).<\/p>\n\n<p>The users of our website are aware of all the above and accept it voluntarily.<\/p>\n\n<p>If a competent court considers that any provision or provisions of this agreement are contrary to law, such provision or provisions will be redrafted in such a way that they reflect as closely as possible the intentions of the parties, while the other provisions will remain in force and applicable. .<\/p>\n","protected":false},"excerpt":{"rendered":"<p>ACKNOWLEDGMENT AND ACCEPTANCE OF THE TERMS OF USE: Access to this website, its use and the purchase of any of<span class=\"more-dots\">&#8230;<\/span><\/p>\n","protected":false},"author":1,"featured_media":0,"parent":0,"menu_order":0,"comment_status":"closed","ping_status":"closed","template":"","meta":{"footnotes":""},"class_list":["post-1468","page","type-page","status-publish","hentry","no-post-thumbnail"],"yoast_head":"<!-- This site is optimized with the Yoast SEO plugin v25.0 - https:\/\/yoast.com\/wordpress\/plugins\/seo\/ -->\n<title>Legal terms and conditions - Enjoy Salou, la discoteca en Salou m\u00e1s emblem\u00e1tica de la Costa Dorada<\/title>\n<meta name=\"robots\" content=\"index, follow, max-snippet:-1, max-image-preview:large, max-video-preview:-1\" \/>\n<link rel=\"canonical\" href=\"https:\/\/enjoysalou.com\/en\/legal-terms-and-conditions\/\" \/>\n<meta property=\"og:locale\" content=\"en_US\" \/>\n<meta property=\"og:type\" content=\"article\" \/>\n<meta property=\"og:title\" content=\"Legal terms and conditions - Enjoy Salou, la discoteca en Salou m\u00e1s emblem\u00e1tica de la Costa Dorada\" \/>\n<meta property=\"og:description\" content=\"ACKNOWLEDGMENT AND ACCEPTANCE OF THE TERMS OF USE: Access to this website, its use and the purchase of any of...\" \/>\n<meta property=\"og:url\" content=\"https:\/\/enjoysalou.com\/en\/legal-terms-and-conditions\/\" \/>\n<meta property=\"og:site_name\" content=\"Enjoy Salou, la discoteca en Salou m\u00e1s emblem\u00e1tica de la Costa Dorada\" \/>\n<meta property=\"article:modified_time\" content=\"2022-04-04T10:08:33+00:00\" \/>\n<meta name=\"twitter:card\" content=\"summary_large_image\" \/>\n<meta name=\"twitter:label1\" content=\"Est. reading time\" \/>\n\t<meta name=\"twitter:data1\" content=\"8 minutes\" \/>\n<script type=\"application\/ld+json\" class=\"yoast-schema-graph\">{\"@context\":\"https:\/\/schema.org\",\"@graph\":[{\"@type\":\"WebPage\",\"@id\":\"https:\/\/enjoysalou.com\/en\/legal-terms-and-conditions\/\",\"url\":\"https:\/\/enjoysalou.com\/en\/legal-terms-and-conditions\/\",\"name\":\"Legal terms and conditions - Enjoy Salou, la discoteca en Salou m\u00e1s emblem\u00e1tica de la Costa Dorada\",\"isPartOf\":{\"@id\":\"https:\/\/enjoysalou.com\/#website\"},\"datePublished\":\"2022-01-28T15:15:40+00:00\",\"dateModified\":\"2022-04-04T10:08:33+00:00\",\"breadcrumb\":{\"@id\":\"https:\/\/enjoysalou.com\/en\/legal-terms-and-conditions\/#breadcrumb\"},\"inLanguage\":\"en-US\",\"potentialAction\":[{\"@type\":\"ReadAction\",\"target\":[\"https:\/\/enjoysalou.com\/en\/legal-terms-and-conditions\/\"]}]},{\"@type\":\"BreadcrumbList\",\"@id\":\"https:\/\/enjoysalou.com\/en\/legal-terms-and-conditions\/#breadcrumb\",\"itemListElement\":[{\"@type\":\"ListItem\",\"position\":1,\"name\":\"Home\",\"item\":\"https:\/\/enjoysalou.com\/en\/\"},{\"@type\":\"ListItem\",\"position\":2,\"name\":\"Legal terms and conditions\"}]},{\"@type\":\"WebSite\",\"@id\":\"https:\/\/enjoysalou.com\/#website\",\"url\":\"https:\/\/enjoysalou.com\/\",\"name\":\"Enjoy Salou, la discoteca en Salou m\u00e1s emblem\u00e1tica de la Costa Dorada\",\"description\":\"La Discoteca m\u00e1s emblem\u00e1tica de Salou y de la Costa Dorada, Enjoy Salou!\",\"publisher\":{\"@id\":\"https:\/\/enjoysalou.com\/#organization\"},\"potentialAction\":[{\"@type\":\"SearchAction\",\"target\":{\"@type\":\"EntryPoint\",\"urlTemplate\":\"https:\/\/enjoysalou.com\/?s={search_term_string}\"},\"query-input\":{\"@type\":\"PropertyValueSpecification\",\"valueRequired\":true,\"valueName\":\"search_term_string\"}}],\"inLanguage\":\"en-US\"},{\"@type\":\"Organization\",\"@id\":\"https:\/\/enjoysalou.com\/#organization\",\"name\":\"Enjoy Salou, la discoteca en Salou m\u00e1s emblem\u00e1tica de la Costa Dorada\",\"url\":\"https:\/\/enjoysalou.com\/\",\"logo\":{\"@type\":\"ImageObject\",\"inLanguage\":\"en-US\",\"@id\":\"https:\/\/enjoysalou.com\/#\/schema\/logo\/image\/\",\"url\":\"https:\/\/enjoysalou.com\/wp-content\/uploads\/2022\/02\/logotipo_EnjoySalou.png\",\"contentUrl\":\"https:\/\/enjoysalou.com\/wp-content\/uploads\/2022\/02\/logotipo_EnjoySalou.png\",\"width\":271,\"height\":59,\"caption\":\"Enjoy Salou, la discoteca en Salou m\u00e1s emblem\u00e1tica de la Costa Dorada\"},\"image\":{\"@id\":\"https:\/\/enjoysalou.com\/#\/schema\/logo\/image\/\"}}]}<\/script>\n<!-- \/ Yoast SEO plugin. -->","yoast_head_json":{"title":"Legal terms and conditions - Enjoy Salou, la discoteca en Salou m\u00e1s emblem\u00e1tica de la Costa Dorada","robots":{"index":"index","follow":"follow","max-snippet":"max-snippet:-1","max-image-preview":"max-image-preview:large","max-video-preview":"max-video-preview:-1"},"canonical":"https:\/\/enjoysalou.com\/en\/legal-terms-and-conditions\/","og_locale":"en_US","og_type":"article","og_title":"Legal terms and conditions - Enjoy Salou, la discoteca en Salou m\u00e1s emblem\u00e1tica de la Costa Dorada","og_description":"ACKNOWLEDGMENT AND ACCEPTANCE OF THE TERMS OF USE: Access to this website, its use and the purchase of any of...","og_url":"https:\/\/enjoysalou.com\/en\/legal-terms-and-conditions\/","og_site_name":"Enjoy Salou, la discoteca en Salou m\u00e1s emblem\u00e1tica de la Costa Dorada","article_modified_time":"2022-04-04T10:08:33+00:00","twitter_card":"summary_large_image","twitter_misc":{"Est. reading time":"8 minutes"},"schema":{"@context":"https:\/\/schema.org","@graph":[{"@type":"WebPage","@id":"https:\/\/enjoysalou.com\/en\/legal-terms-and-conditions\/","url":"https:\/\/enjoysalou.com\/en\/legal-terms-and-conditions\/","name":"Legal terms and conditions - Enjoy Salou, la discoteca en Salou m\u00e1s emblem\u00e1tica de la Costa Dorada","isPartOf":{"@id":"https:\/\/enjoysalou.com\/#website"},"datePublished":"2022-01-28T15:15:40+00:00","dateModified":"2022-04-04T10:08:33+00:00","breadcrumb":{"@id":"https:\/\/enjoysalou.com\/en\/legal-terms-and-conditions\/#breadcrumb"},"inLanguage":"en-US","potentialAction":[{"@type":"ReadAction","target":["https:\/\/enjoysalou.com\/en\/legal-terms-and-conditions\/"]}]},{"@type":"BreadcrumbList","@id":"https:\/\/enjoysalou.com\/en\/legal-terms-and-conditions\/#breadcrumb","itemListElement":[{"@type":"ListItem","position":1,"name":"Home","item":"https:\/\/enjoysalou.com\/en\/"},{"@type":"ListItem","position":2,"name":"Legal terms and conditions"}]},{"@type":"WebSite","@id":"https:\/\/enjoysalou.com\/#website","url":"https:\/\/enjoysalou.com\/","name":"Enjoy Salou, la discoteca en Salou m\u00e1s emblem\u00e1tica de la Costa Dorada","description":"La Discoteca m\u00e1s emblem\u00e1tica de Salou y de la Costa Dorada, Enjoy Salou!","publisher":{"@id":"https:\/\/enjoysalou.com\/#organization"},"potentialAction":[{"@type":"SearchAction","target":{"@type":"EntryPoint","urlTemplate":"https:\/\/enjoysalou.com\/?s={search_term_string}"},"query-input":{"@type":"PropertyValueSpecification","valueRequired":true,"valueName":"search_term_string"}}],"inLanguage":"en-US"},{"@type":"Organization","@id":"https:\/\/enjoysalou.com\/#organization","name":"Enjoy Salou, la discoteca en Salou m\u00e1s emblem\u00e1tica de la Costa Dorada","url":"https:\/\/enjoysalou.com\/","logo":{"@type":"ImageObject","inLanguage":"en-US","@id":"https:\/\/enjoysalou.com\/#\/schema\/logo\/image\/","url":"https:\/\/enjoysalou.com\/wp-content\/uploads\/2022\/02\/logotipo_EnjoySalou.png","contentUrl":"https:\/\/enjoysalou.com\/wp-content\/uploads\/2022\/02\/logotipo_EnjoySalou.png","width":271,"height":59,"caption":"Enjoy Salou, la discoteca en Salou m\u00e1s emblem\u00e1tica de la Costa Dorada"},"image":{"@id":"https:\/\/enjoysalou.com\/#\/schema\/logo\/image\/"}}]}},"_links":{"self":[{"href":"https:\/\/enjoysalou.com\/en\/wp-json\/wp\/v2\/pages\/1468","targetHints":{"allow":["GET"]}}],"collection":[{"href":"https:\/\/enjoysalou.com\/en\/wp-json\/wp\/v2\/pages"}],"about":[{"href":"https:\/\/enjoysalou.com\/en\/wp-json\/wp\/v2\/types\/page"}],"author":[{"embeddable":true,"href":"https:\/\/enjoysalou.com\/en\/wp-json\/wp\/v2\/users\/1"}],"replies":[{"embeddable":true,"href":"https:\/\/enjoysalou.com\/en\/wp-json\/wp\/v2\/comments?post=1468"}],"version-history":[{"count":0,"href":"https:\/\/enjoysalou.com\/en\/wp-json\/wp\/v2\/pages\/1468\/revisions"}],"wp:attachment":[{"href":"https:\/\/enjoysalou.com\/en\/wp-json\/wp\/v2\/media?parent=1468"}],"curies":[{"name":"wp","href":"https:\/\/api.w.org\/{rel}","templated":true}]}}