{"id":1424,"date":"2022-01-28T15:16:06","date_gmt":"2022-01-28T15:16:06","guid":{"rendered":"https:\/\/enjoysalou.com\/return-policy\/"},"modified":"2022-04-04T09:53:05","modified_gmt":"2022-04-04T09:53:05","slug":"return-policy","status":"publish","type":"page","link":"https:\/\/enjoysalou.com\/en\/return-policy\/","title":{"rendered":"return policy"},"content":{"rendered":"\n<p>The minimum age to access the club is 18 years.<br\/>1.2 The tickets purchased are for personal and non-transferable use. The name that appears on the ticket must match the documentation that is presented at the door of the club. In no case will the resale of tickets be allowed. Access will not be allowed if the ticket is incomplete, altered, torn or shows signs of forgery, or without a physical or digital ticket.<\/p>\n\n<p>1.3 In the case of multiple purchases, the presence of the holder of each ticket is essential to access the premises. The original documentation with which the purchase was made must be shown and in no case will access be allowed in the absence of the owner.<\/p>\n\n<p>1.4 The holder of the credit card used to make the payment must present the same card used and an identity document that includes a photograph (driving license, DNI or passport) at the door of the club. Photocopies are not accepted.<\/p>\n\n<p>1.5. In the event that the card used to pay for the purchase is fraudulent, contact us at least twenty-four (24) hours before the event at info@enjoysalou.com. In this case, the purchased tickets will be cancelled.<\/p>\n\n<p>1.6. The club reserves the right of admission under certain conditions, including when a client is under the influence of alcohol, drugs or narcotic substances or has a violent attitude, among others. In case of refusal of entry, ENJOYSALOU will fully refund the amount entered by contacting info@enjoysalou.com.<\/p>\n\n<p>1.7. In case of theft or loss of the purchased tickets, contact us by email at info@enjoysalou.com as soon as possible.<\/p>\n\n<p>1.8 Customers purchasing VIP area tickets must be appropriately dressed in elegant clothing (beachwear including swimwear, shorts, beach sandals, flip-flops and men wearing vests is prohibited). Notwithstanding the foregoing, ENJOYSALOU reserves the right of admission to the VIP area of the club, even if the aforementioned terms are not met.<\/p>\n\n<p>1.9. ENJOYSALOU does not accept changes, modifications or refunds of tickets after the event has taken place.<\/p>\n\n<p>1.10. In case of cancellation of the show or party, the USER will be notified in advance by email and the purchase will be fully refunded. However, ENJOYSALOU expressly excludes from this guarantee DJ performances and\/or shows, parties or events that may change due to force majeure.<\/p>\n","protected":false},"excerpt":{"rendered":"<p>The minimum age to access the club is 18 years.1.2 The tickets purchased are for personal and non-transferable use. The<span class=\"more-dots\">&#8230;<\/span><\/p>\n","protected":false},"author":1,"featured_media":0,"parent":0,"menu_order":0,"comment_status":"closed","ping_status":"closed","template":"page-templates\/full-width.php","meta":{"footnotes":""},"class_list":["post-1424","page","type-page","status-publish","hentry","no-post-thumbnail"],"yoast_head":"<!-- This site is optimized with the Yoast SEO plugin v25.0 - https:\/\/yoast.com\/wordpress\/plugins\/seo\/ -->\n<title>return policy - Enjoy Salou, la discoteca en Salou m\u00e1s emblem\u00e1tica de la Costa Dorada<\/title>\n<meta name=\"robots\" content=\"index, follow, max-snippet:-1, max-image-preview:large, max-video-preview:-1\" \/>\n<link rel=\"canonical\" href=\"https:\/\/enjoysalou.com\/en\/return-policy\/\" \/>\n<meta property=\"og:locale\" content=\"en_US\" \/>\n<meta property=\"og:type\" content=\"article\" \/>\n<meta property=\"og:title\" content=\"return policy - Enjoy Salou, la discoteca en Salou m\u00e1s emblem\u00e1tica de la Costa Dorada\" \/>\n<meta property=\"og:description\" content=\"The minimum age to access the club is 18 years.1.2 The tickets purchased are for personal and non-transferable use. The...\" \/>\n<meta property=\"og:url\" content=\"https:\/\/enjoysalou.com\/en\/return-policy\/\" \/>\n<meta property=\"og:site_name\" content=\"Enjoy Salou, la discoteca en Salou m\u00e1s emblem\u00e1tica de la Costa Dorada\" \/>\n<meta property=\"article:modified_time\" content=\"2022-04-04T09:53:05+00:00\" \/>\n<meta name=\"twitter:card\" content=\"summary_large_image\" \/>\n<meta name=\"twitter:label1\" content=\"Est. reading time\" \/>\n\t<meta name=\"twitter:data1\" content=\"2 minutes\" \/>\n<script type=\"application\/ld+json\" class=\"yoast-schema-graph\">{\"@context\":\"https:\/\/schema.org\",\"@graph\":[{\"@type\":\"WebPage\",\"@id\":\"https:\/\/enjoysalou.com\/en\/return-policy\/\",\"url\":\"https:\/\/enjoysalou.com\/en\/return-policy\/\",\"name\":\"return policy - Enjoy Salou, la discoteca en Salou m\u00e1s emblem\u00e1tica de la Costa Dorada\",\"isPartOf\":{\"@id\":\"https:\/\/enjoysalou.com\/#website\"},\"datePublished\":\"2022-01-28T15:16:06+00:00\",\"dateModified\":\"2022-04-04T09:53:05+00:00\",\"breadcrumb\":{\"@id\":\"https:\/\/enjoysalou.com\/en\/return-policy\/#breadcrumb\"},\"inLanguage\":\"en-US\",\"potentialAction\":[{\"@type\":\"ReadAction\",\"target\":[\"https:\/\/enjoysalou.com\/en\/return-policy\/\"]}]},{\"@type\":\"BreadcrumbList\",\"@id\":\"https:\/\/enjoysalou.com\/en\/return-policy\/#breadcrumb\",\"itemListElement\":[{\"@type\":\"ListItem\",\"position\":1,\"name\":\"Home\",\"item\":\"https:\/\/enjoysalou.com\/en\/\"},{\"@type\":\"ListItem\",\"position\":2,\"name\":\"return policy\"}]},{\"@type\":\"WebSite\",\"@id\":\"https:\/\/enjoysalou.com\/#website\",\"url\":\"https:\/\/enjoysalou.com\/\",\"name\":\"Enjoy Salou, la discoteca en Salou m\u00e1s emblem\u00e1tica de la Costa Dorada\",\"description\":\"La Discoteca m\u00e1s emblem\u00e1tica de Salou y de la Costa Dorada, Enjoy Salou!\",\"publisher\":{\"@id\":\"https:\/\/enjoysalou.com\/#organization\"},\"potentialAction\":[{\"@type\":\"SearchAction\",\"target\":{\"@type\":\"EntryPoint\",\"urlTemplate\":\"https:\/\/enjoysalou.com\/?s={search_term_string}\"},\"query-input\":{\"@type\":\"PropertyValueSpecification\",\"valueRequired\":true,\"valueName\":\"search_term_string\"}}],\"inLanguage\":\"en-US\"},{\"@type\":\"Organization\",\"@id\":\"https:\/\/enjoysalou.com\/#organization\",\"name\":\"Enjoy Salou, la discoteca en Salou m\u00e1s emblem\u00e1tica de la Costa Dorada\",\"url\":\"https:\/\/enjoysalou.com\/\",\"logo\":{\"@type\":\"ImageObject\",\"inLanguage\":\"en-US\",\"@id\":\"https:\/\/enjoysalou.com\/#\/schema\/logo\/image\/\",\"url\":\"https:\/\/enjoysalou.com\/wp-content\/uploads\/2022\/02\/logotipo_EnjoySalou.png\",\"contentUrl\":\"https:\/\/enjoysalou.com\/wp-content\/uploads\/2022\/02\/logotipo_EnjoySalou.png\",\"width\":271,\"height\":59,\"caption\":\"Enjoy Salou, la discoteca en Salou m\u00e1s emblem\u00e1tica de la Costa Dorada\"},\"image\":{\"@id\":\"https:\/\/enjoysalou.com\/#\/schema\/logo\/image\/\"}}]}<\/script>\n<!-- \/ Yoast SEO plugin. -->","yoast_head_json":{"title":"return policy - Enjoy Salou, la discoteca en Salou m\u00e1s emblem\u00e1tica de la Costa Dorada","robots":{"index":"index","follow":"follow","max-snippet":"max-snippet:-1","max-image-preview":"max-image-preview:large","max-video-preview":"max-video-preview:-1"},"canonical":"https:\/\/enjoysalou.com\/en\/return-policy\/","og_locale":"en_US","og_type":"article","og_title":"return policy - Enjoy Salou, la discoteca en Salou m\u00e1s emblem\u00e1tica de la Costa Dorada","og_description":"The minimum age to access the club is 18 years.1.2 The tickets purchased are for personal and non-transferable use. The...","og_url":"https:\/\/enjoysalou.com\/en\/return-policy\/","og_site_name":"Enjoy Salou, la discoteca en Salou m\u00e1s emblem\u00e1tica de la Costa Dorada","article_modified_time":"2022-04-04T09:53:05+00:00","twitter_card":"summary_large_image","twitter_misc":{"Est. reading time":"2 minutes"},"schema":{"@context":"https:\/\/schema.org","@graph":[{"@type":"WebPage","@id":"https:\/\/enjoysalou.com\/en\/return-policy\/","url":"https:\/\/enjoysalou.com\/en\/return-policy\/","name":"return policy - Enjoy Salou, la discoteca en Salou m\u00e1s emblem\u00e1tica de la Costa Dorada","isPartOf":{"@id":"https:\/\/enjoysalou.com\/#website"},"datePublished":"2022-01-28T15:16:06+00:00","dateModified":"2022-04-04T09:53:05+00:00","breadcrumb":{"@id":"https:\/\/enjoysalou.com\/en\/return-policy\/#breadcrumb"},"inLanguage":"en-US","potentialAction":[{"@type":"ReadAction","target":["https:\/\/enjoysalou.com\/en\/return-policy\/"]}]},{"@type":"BreadcrumbList","@id":"https:\/\/enjoysalou.com\/en\/return-policy\/#breadcrumb","itemListElement":[{"@type":"ListItem","position":1,"name":"Home","item":"https:\/\/enjoysalou.com\/en\/"},{"@type":"ListItem","position":2,"name":"return policy"}]},{"@type":"WebSite","@id":"https:\/\/enjoysalou.com\/#website","url":"https:\/\/enjoysalou.com\/","name":"Enjoy Salou, la discoteca en Salou m\u00e1s emblem\u00e1tica de la Costa Dorada","description":"La Discoteca m\u00e1s emblem\u00e1tica de Salou y de la Costa Dorada, Enjoy Salou!","publisher":{"@id":"https:\/\/enjoysalou.com\/#organization"},"potentialAction":[{"@type":"SearchAction","target":{"@type":"EntryPoint","urlTemplate":"https:\/\/enjoysalou.com\/?s={search_term_string}"},"query-input":{"@type":"PropertyValueSpecification","valueRequired":true,"valueName":"search_term_string"}}],"inLanguage":"en-US"},{"@type":"Organization","@id":"https:\/\/enjoysalou.com\/#organization","name":"Enjoy Salou, la discoteca en Salou m\u00e1s emblem\u00e1tica de la Costa Dorada","url":"https:\/\/enjoysalou.com\/","logo":{"@type":"ImageObject","inLanguage":"en-US","@id":"https:\/\/enjoysalou.com\/#\/schema\/logo\/image\/","url":"https:\/\/enjoysalou.com\/wp-content\/uploads\/2022\/02\/logotipo_EnjoySalou.png","contentUrl":"https:\/\/enjoysalou.com\/wp-content\/uploads\/2022\/02\/logotipo_EnjoySalou.png","width":271,"height":59,"caption":"Enjoy Salou, la discoteca en Salou m\u00e1s emblem\u00e1tica de la Costa Dorada"},"image":{"@id":"https:\/\/enjoysalou.com\/#\/schema\/logo\/image\/"}}]}},"_links":{"self":[{"href":"https:\/\/enjoysalou.com\/en\/wp-json\/wp\/v2\/pages\/1424","targetHints":{"allow":["GET"]}}],"collection":[{"href":"https:\/\/enjoysalou.com\/en\/wp-json\/wp\/v2\/pages"}],"about":[{"href":"https:\/\/enjoysalou.com\/en\/wp-json\/wp\/v2\/types\/page"}],"author":[{"embeddable":true,"href":"https:\/\/enjoysalou.com\/en\/wp-json\/wp\/v2\/users\/1"}],"replies":[{"embeddable":true,"href":"https:\/\/enjoysalou.com\/en\/wp-json\/wp\/v2\/comments?post=1424"}],"version-history":[{"count":0,"href":"https:\/\/enjoysalou.com\/en\/wp-json\/wp\/v2\/pages\/1424\/revisions"}],"wp:attachment":[{"href":"https:\/\/enjoysalou.com\/en\/wp-json\/wp\/v2\/media?parent=1424"}],"curies":[{"name":"wp","href":"https:\/\/api.w.org\/{rel}","templated":true}]}}