{"id":1376,"date":"2022-01-27T09:40:58","date_gmt":"2022-01-27T09:40:58","guid":{"rendered":"https:\/\/enjoysalou.com\/the-club\/"},"modified":"2022-04-04T09:50:34","modified_gmt":"2022-04-04T09:50:34","slug":"the-club","status":"publish","type":"page","link":"https:\/\/enjoysalou.com\/en\/the-club\/","title":{"rendered":"The club"},"content":{"rendered":"\n<div class=\"wp-block-cover alignfull\" style=\"padding-top:40px;padding-right:40px;padding-bottom:40px;padding-left:40px\"><span aria-hidden=\"true\" class=\"has-main-background-color has-background-dim-100 wp-block-cover__gradient-background has-background-dim\"><\/span><div class=\"wp-block-cover__inner-container is-layout-flow wp-block-cover-is-layout-flow\">\n<p class=\"has-font-color has-text-color has-large-font-size\">Located in the liveliest area of <strong>Salou<\/strong> , enjoysalou is a place designed and created to offer its public maximum <strong>fun and comfort<\/strong> .<br\/>Inside, we can highlight its <strong>elliptical-shaped central bar<\/strong> that allows us to have a wide view of the entire premises from any point. <\/p>\n\n\n\n<p>The incredible performances of our <strong>gogos and waiters<\/strong> , make the enjoysalou nights unique and unforgettable, thanks to the most carefree and fun atmosphere of the entire <strong>Costa Dorada<\/strong> .<br\/>We stand out for the <strong>good treatment<\/strong> of our customers, who are friends more than customers, which is why we strive to offer them maximum fun with the best music by our <strong>resident DJ<\/strong> .<br\/>Today, thanks to the human team that has put its great experience at your service, we can say that we are one of the <strong>best places in Salou<\/strong> and of course, thanks to you.<\/p>\n<\/div><\/div>\n\n<figure class=\"wp-block-gallery alignfull has-nested-images columns-4 is-cropped wp-block-gallery-1 is-layout-flex wp-block-gallery-is-layout-flex\">\n<figure class=\"wp-block-image size-large\"><img decoding=\"async\" width=\"2560\" height=\"2560\" data-id=\"174\" src=\"https:\/\/enjoysalou.com\/NUEVA\/wp-content\/uploads\/2022\/01\/P1050886-scaled.jpg\" alt=\"\" class=\"wp-image-174 no-lazyload\" srcset=\"https:\/\/enjoysalou.com\/wp-content\/uploads\/2022\/01\/P1050886-scaled.jpg 2560w, https:\/\/enjoysalou.com\/wp-content\/uploads\/2022\/01\/P1050886-scaled-300x300.jpg 300w, https:\/\/enjoysalou.com\/wp-content\/uploads\/2022\/01\/P1050886-scaled-1024x1024.jpg 1024w, https:\/\/enjoysalou.com\/wp-content\/uploads\/2022\/01\/P1050886-scaled-150x150.jpg 150w, https:\/\/enjoysalou.com\/wp-content\/uploads\/2022\/01\/P1050886-scaled-768x768.jpg 768w, https:\/\/enjoysalou.com\/wp-content\/uploads\/2022\/01\/P1050886-scaled-1536x1536.jpg 1536w, https:\/\/enjoysalou.com\/wp-content\/uploads\/2022\/01\/P1050886-scaled-2048x2048.jpg 2048w, https:\/\/enjoysalou.com\/wp-content\/uploads\/2022\/01\/P1050886-scaled-855x855.jpg 855w, https:\/\/enjoysalou.com\/wp-content\/uploads\/2022\/01\/P1050886-scaled-800x800.jpg 800w, https:\/\/enjoysalou.com\/wp-content\/uploads\/2022\/01\/P1050886-scaled-600x600.jpg 600w, https:\/\/enjoysalou.com\/wp-content\/uploads\/2022\/01\/P1050886-scaled-100x100.jpg 100w\" sizes=\"(max-width: 2560px) 100vw, 2560px\" \/><\/figure>\n\n\n<figure class=\"wp-block-image size-large\"><img decoding=\"async\" width=\"2560\" height=\"2560\" data-id=\"175\" src=\"https:\/\/enjoysalou.com\/NUEVA\/wp-content\/uploads\/2022\/01\/P1050904-scaled.jpg\" alt=\"\" class=\"wp-image-175 no-lazyload\" srcset=\"https:\/\/enjoysalou.com\/wp-content\/uploads\/2022\/01\/P1050904-scaled.jpg 2560w, https:\/\/enjoysalou.com\/wp-content\/uploads\/2022\/01\/P1050904-scaled-300x300.jpg 300w, https:\/\/enjoysalou.com\/wp-content\/uploads\/2022\/01\/P1050904-scaled-1024x1024.jpg 1024w, https:\/\/enjoysalou.com\/wp-content\/uploads\/2022\/01\/P1050904-scaled-150x150.jpg 150w, https:\/\/enjoysalou.com\/wp-content\/uploads\/2022\/01\/P1050904-scaled-768x768.jpg 768w, https:\/\/enjoysalou.com\/wp-content\/uploads\/2022\/01\/P1050904-scaled-1536x1536.jpg 1536w, https:\/\/enjoysalou.com\/wp-content\/uploads\/2022\/01\/P1050904-scaled-2048x2048.jpg 2048w, https:\/\/enjoysalou.com\/wp-content\/uploads\/2022\/01\/P1050904-scaled-855x855.jpg 855w, https:\/\/enjoysalou.com\/wp-content\/uploads\/2022\/01\/P1050904-scaled-800x800.jpg 800w, https:\/\/enjoysalou.com\/wp-content\/uploads\/2022\/01\/P1050904-scaled-600x600.jpg 600w, https:\/\/enjoysalou.com\/wp-content\/uploads\/2022\/01\/P1050904-scaled-100x100.jpg 100w\" sizes=\"(max-width: 2560px) 100vw, 2560px\" \/><\/figure>\n\n\n<figure class=\"wp-block-image size-large\"><img decoding=\"async\" width=\"2560\" height=\"2560\" data-id=\"125\" src=\"https:\/\/enjoysalou.com\/NUEVA\/wp-content\/uploads\/2022\/01\/P1050909-scaled.jpg\" alt=\"\" class=\"wp-image-125 no-lazyload\" srcset=\"https:\/\/enjoysalou.com\/wp-content\/uploads\/2022\/01\/P1050909-scaled.jpg 2560w, https:\/\/enjoysalou.com\/wp-content\/uploads\/2022\/01\/P1050909-scaled-300x300.jpg 300w, https:\/\/enjoysalou.com\/wp-content\/uploads\/2022\/01\/P1050909-scaled-1024x1024.jpg 1024w, https:\/\/enjoysalou.com\/wp-content\/uploads\/2022\/01\/P1050909-scaled-150x150.jpg 150w, https:\/\/enjoysalou.com\/wp-content\/uploads\/2022\/01\/P1050909-scaled-768x768.jpg 768w, https:\/\/enjoysalou.com\/wp-content\/uploads\/2022\/01\/P1050909-scaled-1536x1536.jpg 1536w, https:\/\/enjoysalou.com\/wp-content\/uploads\/2022\/01\/P1050909-scaled-2048x2048.jpg 2048w, https:\/\/enjoysalou.com\/wp-content\/uploads\/2022\/01\/P1050909-scaled-855x855.jpg 855w, https:\/\/enjoysalou.com\/wp-content\/uploads\/2022\/01\/P1050909-scaled-800x800.jpg 800w, https:\/\/enjoysalou.com\/wp-content\/uploads\/2022\/01\/P1050909-scaled-600x600.jpg 600w, https:\/\/enjoysalou.com\/wp-content\/uploads\/2022\/01\/P1050909-scaled-100x100.jpg 100w\" sizes=\"(max-width: 2560px) 100vw, 2560px\" \/><\/figure>\n\n\n<figure class=\"wp-block-image size-large\"><img decoding=\"async\" width=\"2560\" height=\"2560\" data-id=\"191\" src=\"https:\/\/enjoysalou.com\/NUEVA\/wp-content\/uploads\/2022\/01\/P1060415-scaled.jpg\" alt=\"\" class=\"wp-image-191 no-lazyload\" srcset=\"https:\/\/enjoysalou.com\/wp-content\/uploads\/2022\/01\/P1060415-scaled.jpg 2560w, https:\/\/enjoysalou.com\/wp-content\/uploads\/2022\/01\/P1060415-scaled-300x300.jpg 300w, https:\/\/enjoysalou.com\/wp-content\/uploads\/2022\/01\/P1060415-scaled-1024x1024.jpg 1024w, https:\/\/enjoysalou.com\/wp-content\/uploads\/2022\/01\/P1060415-scaled-150x150.jpg 150w, https:\/\/enjoysalou.com\/wp-content\/uploads\/2022\/01\/P1060415-scaled-768x768.jpg 768w, https:\/\/enjoysalou.com\/wp-content\/uploads\/2022\/01\/P1060415-scaled-1536x1536.jpg 1536w, https:\/\/enjoysalou.com\/wp-content\/uploads\/2022\/01\/P1060415-scaled-2048x2048.jpg 2048w, https:\/\/enjoysalou.com\/wp-content\/uploads\/2022\/01\/P1060415-scaled-855x855.jpg 855w, https:\/\/enjoysalou.com\/wp-content\/uploads\/2022\/01\/P1060415-scaled-800x800.jpg 800w, https:\/\/enjoysalou.com\/wp-content\/uploads\/2022\/01\/P1060415-scaled-600x600.jpg 600w, https:\/\/enjoysalou.com\/wp-content\/uploads\/2022\/01\/P1060415-scaled-100x100.jpg 100w\" sizes=\"(max-width: 2560px) 100vw, 2560px\" \/><\/figure><\/figure>\n\n<div class=\"wp-block-columns alignfull has-light-color has-dark-muted-background-color has-text-color has-background is-layout-flex wp-container-core-columns-is-layout-d3dac217 wp-block-columns-is-layout-flex\" style=\"padding-top:40px;padding-right:40px;padding-bottom:40px;padding-left:40px\">\n<div class=\"wp-block-column is-layout-flow wp-block-column-is-layout-flow\">\n<h2 class=\"is-style-decor3 has-main-color has-text-color wp-block-heading\" id=\"vip-zone\">VIP-ZONE<\/h2>\n\n\n\n<p>The <strong>VIP area<\/strong> has comfortable rooms with tables and armchairs where you can enjoy delicious cocktails or special bottles with your friends or partner.<br\/>If you want to reserve a VIP table, get in touch through our form, by calling our phone number or by sending us an email to; <strong>info@enjoysalou.com<\/strong> .<\/p>\n<\/div>\n\n\n\n<div class=\"wp-block-column is-layout-flow wp-block-column-is-layout-flow\">\n<h2 class=\"is-style-decor3 has-main-color has-text-color wp-block-heading\" id=\"terrace\">TERRACE<\/h2>\n\n\n\n<p>Our <strong>outdoor terrace<\/strong> has separate areas with different options to enjoy good music and our specialized barman who will serve you in an outdoor bar where you can taste delicious drinks.<\/p>\n<\/div>\n\n\n\n<div class=\"wp-block-column is-layout-flow wp-block-column-is-layout-flow\">\n<h2 class=\"is-style-decor3 has-main-color has-text-color wp-block-heading\" id=\"main-room\">MAIN ROOM<\/h2>\n\n\n\n<p>The <strong>dance floor<\/strong> inside the premises has a large floor with an elliptical bar in its center. Dance, enjoy and come to the DJ booth to receive all the incredible sensations of the nights that Enjoy Salou offers you.<\/p>\n<\/div>\n<\/div>\n\n<div class=\"wp-block-media-text alignfull is-stacked-on-mobile has-light-color has-midnight-gradient-background has-text-color has-background\"><figure class=\"wp-block-media-text__media\"><img decoding=\"async\" src=\"https:\/\/enjoysalou.com\/NUEVA\/wp-content\/uploads\/2022\/01\/P1060284-1024x1024.jpg\" alt=\"\" class=\"wp-image-190 size-full no-lazyload\"\/><\/figure><div class=\"wp-block-media-text__content\">\n<h3 class=\"is-style-decor3 has-main-color has-text-color wp-block-heading\" id=\"dj-iklax\" style=\"font-style:normal;font-weight:500;text-transform:uppercase\">DJ IKLAX<\/h3>\n\n\n\n<p><em>Resident<\/em><\/p>\n\n\n\n<p>Styles: Commercial, Reggaeton, Electrolatino, Latino, Dembow, RnB, Top Hits&#8230; Currently resident in Enjoy Salou.<\/p>\n<\/div><\/div>\n","protected":false},"excerpt":{"rendered":"<p>VIP-ZONE The VIP area has comfortable rooms with tables and armchairs where you can enjoy delicious cocktails or special bottles<span class=\"more-dots\">&#8230;<\/span><\/p>\n","protected":false},"author":1,"featured_media":1302,"parent":0,"menu_order":0,"comment_status":"closed","ping_status":"closed","template":"page-templates\/home.php","meta":{"footnotes":""},"class_list":["post-1376","page","type-page","status-publish","has-post-thumbnail","hentry"],"yoast_head":"<!-- This site is optimized with the Yoast SEO plugin v25.0 - https:\/\/yoast.com\/wordpress\/plugins\/seo\/ -->\n<title>The club - Enjoy Salou, la discoteca en Salou m\u00e1s emblem\u00e1tica de la Costa Dorada<\/title>\n<meta name=\"robots\" content=\"index, follow, max-snippet:-1, max-image-preview:large, max-video-preview:-1\" \/>\n<link rel=\"canonical\" href=\"https:\/\/enjoysalou.com\/en\/the-club\/\" \/>\n<meta property=\"og:locale\" content=\"en_US\" \/>\n<meta property=\"og:type\" content=\"article\" \/>\n<meta property=\"og:title\" content=\"The club - Enjoy Salou, la discoteca en Salou m\u00e1s emblem\u00e1tica de la Costa Dorada\" \/>\n<meta property=\"og:description\" content=\"VIP-ZONE The VIP area has comfortable rooms with tables and armchairs where you can enjoy delicious cocktails or special bottles...\" \/>\n<meta property=\"og:url\" content=\"https:\/\/enjoysalou.com\/en\/the-club\/\" \/>\n<meta property=\"og:site_name\" content=\"Enjoy Salou, la discoteca en Salou m\u00e1s emblem\u00e1tica de la Costa Dorada\" \/>\n<meta property=\"article:modified_time\" content=\"2022-04-04T09:50:34+00:00\" \/>\n<meta property=\"og:image\" content=\"https:\/\/enjoysalou.com\/NUEVA\/wp-content\/uploads\/2022\/01\/P1050886-scaled.jpg\" \/>\n<meta name=\"twitter:card\" content=\"summary_large_image\" \/>\n<meta name=\"twitter:label1\" content=\"Est. reading time\" \/>\n\t<meta name=\"twitter:data1\" content=\"1 minute\" \/>\n<script type=\"application\/ld+json\" class=\"yoast-schema-graph\">{\"@context\":\"https:\/\/schema.org\",\"@graph\":[{\"@type\":\"WebPage\",\"@id\":\"https:\/\/enjoysalou.com\/en\/the-club\/\",\"url\":\"https:\/\/enjoysalou.com\/en\/the-club\/\",\"name\":\"The club - Enjoy Salou, la discoteca en Salou m\u00e1s emblem\u00e1tica de la Costa Dorada\",\"isPartOf\":{\"@id\":\"https:\/\/enjoysalou.com\/#website\"},\"primaryImageOfPage\":{\"@id\":\"https:\/\/enjoysalou.com\/en\/the-club\/#primaryimage\"},\"image\":{\"@id\":\"https:\/\/enjoysalou.com\/en\/the-club\/#primaryimage\"},\"thumbnailUrl\":\"https:\/\/enjoysalou.com\/wp-content\/uploads\/2022\/01\/phoneENJOY.png\",\"datePublished\":\"2022-01-27T09:40:58+00:00\",\"dateModified\":\"2022-04-04T09:50:34+00:00\",\"breadcrumb\":{\"@id\":\"https:\/\/enjoysalou.com\/en\/the-club\/#breadcrumb\"},\"inLanguage\":\"en-US\",\"potentialAction\":[{\"@type\":\"ReadAction\",\"target\":[\"https:\/\/enjoysalou.com\/en\/the-club\/\"]}]},{\"@type\":\"ImageObject\",\"inLanguage\":\"en-US\",\"@id\":\"https:\/\/enjoysalou.com\/en\/the-club\/#primaryimage\",\"url\":\"https:\/\/enjoysalou.com\/wp-content\/uploads\/2022\/01\/phoneENJOY.png\",\"contentUrl\":\"https:\/\/enjoysalou.com\/wp-content\/uploads\/2022\/01\/phoneENJOY.png\",\"width\":994,\"height\":1889},{\"@type\":\"BreadcrumbList\",\"@id\":\"https:\/\/enjoysalou.com\/en\/the-club\/#breadcrumb\",\"itemListElement\":[{\"@type\":\"ListItem\",\"position\":1,\"name\":\"Home\",\"item\":\"https:\/\/enjoysalou.com\/en\/\"},{\"@type\":\"ListItem\",\"position\":2,\"name\":\"The club\"}]},{\"@type\":\"WebSite\",\"@id\":\"https:\/\/enjoysalou.com\/#website\",\"url\":\"https:\/\/enjoysalou.com\/\",\"name\":\"Enjoy Salou, la discoteca en Salou m\u00e1s emblem\u00e1tica de la Costa Dorada\",\"description\":\"La Discoteca m\u00e1s emblem\u00e1tica de Salou y de la Costa Dorada, Enjoy Salou!\",\"publisher\":{\"@id\":\"https:\/\/enjoysalou.com\/#organization\"},\"potentialAction\":[{\"@type\":\"SearchAction\",\"target\":{\"@type\":\"EntryPoint\",\"urlTemplate\":\"https:\/\/enjoysalou.com\/?s={search_term_string}\"},\"query-input\":{\"@type\":\"PropertyValueSpecification\",\"valueRequired\":true,\"valueName\":\"search_term_string\"}}],\"inLanguage\":\"en-US\"},{\"@type\":\"Organization\",\"@id\":\"https:\/\/enjoysalou.com\/#organization\",\"name\":\"Enjoy Salou, la discoteca en Salou m\u00e1s emblem\u00e1tica de la Costa Dorada\",\"url\":\"https:\/\/enjoysalou.com\/\",\"logo\":{\"@type\":\"ImageObject\",\"inLanguage\":\"en-US\",\"@id\":\"https:\/\/enjoysalou.com\/#\/schema\/logo\/image\/\",\"url\":\"https:\/\/enjoysalou.com\/wp-content\/uploads\/2022\/02\/logotipo_EnjoySalou.png\",\"contentUrl\":\"https:\/\/enjoysalou.com\/wp-content\/uploads\/2022\/02\/logotipo_EnjoySalou.png\",\"width\":271,\"height\":59,\"caption\":\"Enjoy Salou, la discoteca en Salou m\u00e1s emblem\u00e1tica de la Costa Dorada\"},\"image\":{\"@id\":\"https:\/\/enjoysalou.com\/#\/schema\/logo\/image\/\"}}]}<\/script>\n<!-- \/ Yoast SEO plugin. -->","yoast_head_json":{"title":"The club - Enjoy Salou, la discoteca en Salou m\u00e1s emblem\u00e1tica de la Costa Dorada","robots":{"index":"index","follow":"follow","max-snippet":"max-snippet:-1","max-image-preview":"max-image-preview:large","max-video-preview":"max-video-preview:-1"},"canonical":"https:\/\/enjoysalou.com\/en\/the-club\/","og_locale":"en_US","og_type":"article","og_title":"The club - Enjoy Salou, la discoteca en Salou m\u00e1s emblem\u00e1tica de la Costa Dorada","og_description":"VIP-ZONE The VIP area has comfortable rooms with tables and armchairs where you can enjoy delicious cocktails or special bottles...","og_url":"https:\/\/enjoysalou.com\/en\/the-club\/","og_site_name":"Enjoy Salou, la discoteca en Salou m\u00e1s emblem\u00e1tica de la Costa Dorada","article_modified_time":"2022-04-04T09:50:34+00:00","og_image":[{"url":"https:\/\/enjoysalou.com\/NUEVA\/wp-content\/uploads\/2022\/01\/P1050886-scaled.jpg","type":"","width":"","height":""}],"twitter_card":"summary_large_image","twitter_misc":{"Est. reading time":"1 minute"},"schema":{"@context":"https:\/\/schema.org","@graph":[{"@type":"WebPage","@id":"https:\/\/enjoysalou.com\/en\/the-club\/","url":"https:\/\/enjoysalou.com\/en\/the-club\/","name":"The club - Enjoy Salou, la discoteca en Salou m\u00e1s emblem\u00e1tica de la Costa Dorada","isPartOf":{"@id":"https:\/\/enjoysalou.com\/#website"},"primaryImageOfPage":{"@id":"https:\/\/enjoysalou.com\/en\/the-club\/#primaryimage"},"image":{"@id":"https:\/\/enjoysalou.com\/en\/the-club\/#primaryimage"},"thumbnailUrl":"https:\/\/enjoysalou.com\/wp-content\/uploads\/2022\/01\/phoneENJOY.png","datePublished":"2022-01-27T09:40:58+00:00","dateModified":"2022-04-04T09:50:34+00:00","breadcrumb":{"@id":"https:\/\/enjoysalou.com\/en\/the-club\/#breadcrumb"},"inLanguage":"en-US","potentialAction":[{"@type":"ReadAction","target":["https:\/\/enjoysalou.com\/en\/the-club\/"]}]},{"@type":"ImageObject","inLanguage":"en-US","@id":"https:\/\/enjoysalou.com\/en\/the-club\/#primaryimage","url":"https:\/\/enjoysalou.com\/wp-content\/uploads\/2022\/01\/phoneENJOY.png","contentUrl":"https:\/\/enjoysalou.com\/wp-content\/uploads\/2022\/01\/phoneENJOY.png","width":994,"height":1889},{"@type":"BreadcrumbList","@id":"https:\/\/enjoysalou.com\/en\/the-club\/#breadcrumb","itemListElement":[{"@type":"ListItem","position":1,"name":"Home","item":"https:\/\/enjoysalou.com\/en\/"},{"@type":"ListItem","position":2,"name":"The club"}]},{"@type":"WebSite","@id":"https:\/\/enjoysalou.com\/#website","url":"https:\/\/enjoysalou.com\/","name":"Enjoy Salou, la discoteca en Salou m\u00e1s emblem\u00e1tica de la Costa Dorada","description":"La Discoteca m\u00e1s emblem\u00e1tica de Salou y de la Costa Dorada, Enjoy Salou!","publisher":{"@id":"https:\/\/enjoysalou.com\/#organization"},"potentialAction":[{"@type":"SearchAction","target":{"@type":"EntryPoint","urlTemplate":"https:\/\/enjoysalou.com\/?s={search_term_string}"},"query-input":{"@type":"PropertyValueSpecification","valueRequired":true,"valueName":"search_term_string"}}],"inLanguage":"en-US"},{"@type":"Organization","@id":"https:\/\/enjoysalou.com\/#organization","name":"Enjoy Salou, la discoteca en Salou m\u00e1s emblem\u00e1tica de la Costa Dorada","url":"https:\/\/enjoysalou.com\/","logo":{"@type":"ImageObject","inLanguage":"en-US","@id":"https:\/\/enjoysalou.com\/#\/schema\/logo\/image\/","url":"https:\/\/enjoysalou.com\/wp-content\/uploads\/2022\/02\/logotipo_EnjoySalou.png","contentUrl":"https:\/\/enjoysalou.com\/wp-content\/uploads\/2022\/02\/logotipo_EnjoySalou.png","width":271,"height":59,"caption":"Enjoy Salou, la discoteca en Salou m\u00e1s emblem\u00e1tica de la Costa Dorada"},"image":{"@id":"https:\/\/enjoysalou.com\/#\/schema\/logo\/image\/"}}]}},"_links":{"self":[{"href":"https:\/\/enjoysalou.com\/en\/wp-json\/wp\/v2\/pages\/1376","targetHints":{"allow":["GET"]}}],"collection":[{"href":"https:\/\/enjoysalou.com\/en\/wp-json\/wp\/v2\/pages"}],"about":[{"href":"https:\/\/enjoysalou.com\/en\/wp-json\/wp\/v2\/types\/page"}],"author":[{"embeddable":true,"href":"https:\/\/enjoysalou.com\/en\/wp-json\/wp\/v2\/users\/1"}],"replies":[{"embeddable":true,"href":"https:\/\/enjoysalou.com\/en\/wp-json\/wp\/v2\/comments?post=1376"}],"version-history":[{"count":0,"href":"https:\/\/enjoysalou.com\/en\/wp-json\/wp\/v2\/pages\/1376\/revisions"}],"wp:featuredmedia":[{"embeddable":true,"href":"https:\/\/enjoysalou.com\/en\/wp-json\/wp\/v2\/media\/1302"}],"wp:attachment":[{"href":"https:\/\/enjoysalou.com\/en\/wp-json\/wp\/v2\/media?parent=1376"}],"curies":[{"name":"wp","href":"https:\/\/api.w.org\/{rel}","templated":true}]}}